{"id":1071,"date":"2014-12-17T16:34:40","date_gmt":"2014-12-17T16:34:40","guid":{"rendered":"http:\/\/www.slingsintt.com\/?page_id=1071"},"modified":"2019-03-24T11:16:11","modified_gmt":"2019-03-24T11:16:11","slug":"politica-de-cookies","status":"publish","type":"page","link":"https:\/\/www.slingsintt.com\/es\/politica-de-cookies\/","title":{"rendered":"Pol\u00edtica de cookies"},"content":{"rendered":"<div class=\"wpb-content-wrapper\">[vc_row css=\u00bb.vc_custom_1552475402691{padding-top: 30px !important;}\u00bb][vc_column][vc_row_inner][vc_column_inner][vc_empty_space][\/vc_column_inner][\/vc_row_inner][vc_column_text]\n<h2><b>POL\u00cdTICA DE COOKIES<\/b><\/h2>\n<p>En cuanto a la pol\u00edtica de cookies de la web, en caso de que la p\u00e1gina web disponga de ellas y \u00e9stas no sean inherentes al funcionamiento de la WEB o como as\u00ed refiere el mencionado apartado 2 del art\u00edculo 22&nbsp;LSSI&nbsp;<i>\u201cal solo fin de efectuar la transmisi\u00f3n de una comunicaci\u00f3n por una red de comunicaciones electr\u00f3nica\u201d:<\/i><\/p>\n<p>Una cookie es un archivo de informaci\u00f3n que el servidor de este sitio web env\u00eda al dispositivo (ordenador,&nbsp;smartphone, tablet,&nbsp;etc.) de quien accede a la p\u00e1gina para almacenar y recuperar informaci\u00f3n sobre la navegaci\u00f3n que se efect\u00faa desde dicho equipo.<\/p>\n<p>Sling Supply International, S.A.&nbsp;utiliza diversos tipos de&nbsp;cookies&nbsp;(t\u00e9cnicas, anal\u00edticas y sociales) \u00fanicamente con la finalidad de mejorar la navegaci\u00f3n del usuario en el sitio web, sin ning\u00fan tipo de objeto publicitario o similar.<\/p>\n<p>Sling Supply International, S.A., a trav\u00e9s de las&nbsp;cookies&nbsp;no recoge dato personal alguno. Todas las&nbsp;cookies, salvo las utilizadas por el sistema de estad\u00edsticas Google Analytics son temporales y desaparecen al concluir la sesi\u00f3n.<\/p>\n<p>Sling Supply International, S.A.&nbsp;utiliza en este sitio web las&nbsp;cookies&nbsp;que se detallan a continuaci\u00f3n:<\/p>\n<table cellspacing=\"0\" cellpadding=\"0\">\n<tbody>\n<tr>\n<td valign=\"top\"><b>Tipo<\/b><\/td>\n<td valign=\"top\"><b>Caducidad<\/b><\/td>\n<td valign=\"top\"><b>Finalidad<\/b><\/td>\n<td valign=\"top\"><b>Propias\/Terceros<\/b><\/td>\n<\/tr>\n<tr>\n<td valign=\"top\">&nbsp;<\/td>\n<td valign=\"top\">&nbsp;<\/td>\n<td valign=\"top\">&nbsp;<\/td>\n<td valign=\"top\">&nbsp;<\/td>\n<\/tr>\n<tr>\n<td valign=\"top\">&nbsp;<\/td>\n<td valign=\"top\">&nbsp;<\/td>\n<td valign=\"top\">&nbsp;<\/td>\n<td valign=\"top\">&nbsp;<\/td>\n<\/tr>\n<\/tbody>\n<\/table>\n<p>El usuario podr\u00e1, en cualquier momento, elegir qu\u00e9 cookies quiere que funcionen en este sitio web mediante:<\/p>\n<p>a) La configuraci\u00f3n del&nbsp;<b>navegador<\/b>; (indicar enlace en cada navegador para habilitar o deshabilitar cookies)<\/p>\n<p>b) Herramientas de terceros, disponibles on line, que permiten a los usuarios detectar las&nbsp;cookies&nbsp;en cada sitio web que visita y gestionar su desactivaci\u00f3n.<\/p>\n<p>Ni esta web, ni sus representantes legales se hacen responsables ni del contenido ni de la veracidad de las pol\u00edticas de privacidad que puedan tener los terceros mencionados en esta pol\u00edtica de&nbsp;cookies.<\/p>\n<p>La aceptaci\u00f3n de la presente pol\u00edtica implica que el usuario ha sido informado de una forma clara y completa sobre el uso de dispositivos de almacenamiento y recuperaci\u00f3n de datos (cookies) as\u00ed como que Sling Supply International, S.A. dispone del consentimiento del usuario para el uso de las mismas tal y como establece el art\u00edculo 22 de la Ley 34\/2002, de 11 de julio, de Servicios de la Sociedad de la Informaci\u00f3n y Comercio Electr\u00f3nico (LSSI-CE).[\/vc_column_text][vc_row_inner][vc_column_inner][vc_empty_space][\/vc_column_inner][\/vc_row_inner][\/vc_column][\/vc_row]\n<\/div>","protected":false},"excerpt":{"rendered":"<p>[vc_row css=\u00bb.vc_custom_1552475402691{padding-top: 30px !important;}\u00bb][vc_column][vc_row_inner][vc_column_inner][vc_empty_space][\/vc_column_inner][\/vc_row_inner][vc_column_text] POL\u00cdTICA DE COOKIES En cuanto a la pol\u00edtica de cookies de la web, en caso de que la p\u00e1gina web disponga de ellas y \u00e9stas no sean inherentes al funcionamiento de la WEB o como as\u00ed refiere el mencionado apartado 2 del art\u00edculo 22&nbsp;LSSI&nbsp;\u201cal solo fin de efectuar la transmisi\u00f3n de&hellip;<\/p>\n","protected":false},"author":1,"featured_media":0,"parent":0,"menu_order":0,"comment_status":"closed","ping_status":"closed","template":"","meta":{"footnotes":""},"class_list":["post-1071","page","type-page","status-publish","hentry"],"yoast_head":"<!-- This site is optimized with the Yoast SEO plugin v27.5 - https:\/\/yoast.com\/product\/yoast-seo-wordpress\/ -->\n<title>Pol\u00edtica de cookies - slingsintt<\/title>\n<meta name=\"description\" content=\"Sling Supply International, S.A.\u00a0utiliza diversos tipos de\u00a0cookies\u00a0(t\u00e9cnicas, anal\u00edticas y sociales) con la finalidad de mejorar la navegaci\u00f3n del usuario.\" \/>\n<meta name=\"robots\" content=\"index, follow, max-snippet:-1, max-image-preview:large, max-video-preview:-1\" \/>\n<link rel=\"canonical\" href=\"https:\/\/www.slingsintt.com\/es\/politica-de-cookies\/\" \/>\n<meta property=\"og:locale\" content=\"es_ES\" \/>\n<meta property=\"og:type\" content=\"article\" \/>\n<meta property=\"og:title\" content=\"Pol\u00edtica de cookies - slingsintt\" \/>\n<meta property=\"og:description\" content=\"Sling Supply International, S.A.\u00a0utiliza diversos tipos de\u00a0cookies\u00a0(t\u00e9cnicas, anal\u00edticas y sociales) con la finalidad de mejorar la navegaci\u00f3n del usuario.\" \/>\n<meta property=\"og:url\" content=\"https:\/\/www.slingsintt.com\/es\/politica-de-cookies\/\" \/>\n<meta property=\"og:site_name\" content=\"slingsintt\" \/>\n<meta property=\"article:modified_time\" content=\"2019-03-24T11:16:11+00:00\" \/>\n<meta name=\"twitter:label1\" content=\"Tiempo de lectura\" \/>\n\t<meta name=\"twitter:data1\" content=\"2 minutos\" \/>\n<script type=\"application\/ld+json\" class=\"yoast-schema-graph\">{\"@context\":\"https:\\\/\\\/schema.org\",\"@graph\":[{\"@type\":\"WebPage\",\"@id\":\"https:\\\/\\\/www.slingsintt.com\\\/es\\\/politica-de-cookies\\\/\",\"url\":\"https:\\\/\\\/www.slingsintt.com\\\/es\\\/politica-de-cookies\\\/\",\"name\":\"Pol\u00edtica de cookies - slingsintt\",\"isPartOf\":{\"@id\":\"https:\\\/\\\/www.slingsintt.com\\\/es\\\/#website\"},\"datePublished\":\"2014-12-17T16:34:40+00:00\",\"dateModified\":\"2019-03-24T11:16:11+00:00\",\"description\":\"Sling Supply International, S.A.\u00a0utiliza diversos tipos de\u00a0cookies\u00a0(t\u00e9cnicas, anal\u00edticas y sociales) con la finalidad de mejorar la navegaci\u00f3n del usuario.\",\"breadcrumb\":{\"@id\":\"https:\\\/\\\/www.slingsintt.com\\\/es\\\/politica-de-cookies\\\/#breadcrumb\"},\"inLanguage\":\"es\",\"potentialAction\":[{\"@type\":\"ReadAction\",\"target\":[\"https:\\\/\\\/www.slingsintt.com\\\/es\\\/politica-de-cookies\\\/\"]}]},{\"@type\":\"BreadcrumbList\",\"@id\":\"https:\\\/\\\/www.slingsintt.com\\\/es\\\/politica-de-cookies\\\/#breadcrumb\",\"itemListElement\":[{\"@type\":\"ListItem\",\"position\":1,\"name\":\"Portada\",\"item\":\"https:\\\/\\\/www.slingsintt.com\\\/es\\\/\"},{\"@type\":\"ListItem\",\"position\":2,\"name\":\"Pol\u00edtica de cookies\"}]},{\"@type\":\"WebSite\",\"@id\":\"https:\\\/\\\/www.slingsintt.com\\\/es\\\/#website\",\"url\":\"https:\\\/\\\/www.slingsintt.com\\\/es\\\/\",\"name\":\"slingsintt\",\"description\":\"Especialistas en elevaci\u00f3n\",\"potentialAction\":[{\"@type\":\"SearchAction\",\"target\":{\"@type\":\"EntryPoint\",\"urlTemplate\":\"https:\\\/\\\/www.slingsintt.com\\\/es\\\/?s={search_term_string}\"},\"query-input\":{\"@type\":\"PropertyValueSpecification\",\"valueRequired\":true,\"valueName\":\"search_term_string\"}}],\"inLanguage\":\"es\"}]}<\/script>\n<!-- \/ Yoast SEO plugin. -->","yoast_head_json":{"title":"Pol\u00edtica de cookies - slingsintt","description":"Sling Supply International, S.A.\u00a0utiliza diversos tipos de\u00a0cookies\u00a0(t\u00e9cnicas, anal\u00edticas y sociales) con la finalidad de mejorar la navegaci\u00f3n del usuario.","robots":{"index":"index","follow":"follow","max-snippet":"max-snippet:-1","max-image-preview":"max-image-preview:large","max-video-preview":"max-video-preview:-1"},"canonical":"https:\/\/www.slingsintt.com\/es\/politica-de-cookies\/","og_locale":"es_ES","og_type":"article","og_title":"Pol\u00edtica de cookies - slingsintt","og_description":"Sling Supply International, S.A.\u00a0utiliza diversos tipos de\u00a0cookies\u00a0(t\u00e9cnicas, anal\u00edticas y sociales) con la finalidad de mejorar la navegaci\u00f3n del usuario.","og_url":"https:\/\/www.slingsintt.com\/es\/politica-de-cookies\/","og_site_name":"slingsintt","article_modified_time":"2019-03-24T11:16:11+00:00","twitter_misc":{"Tiempo de lectura":"2 minutos"},"schema":{"@context":"https:\/\/schema.org","@graph":[{"@type":"WebPage","@id":"https:\/\/www.slingsintt.com\/es\/politica-de-cookies\/","url":"https:\/\/www.slingsintt.com\/es\/politica-de-cookies\/","name":"Pol\u00edtica de cookies - slingsintt","isPartOf":{"@id":"https:\/\/www.slingsintt.com\/es\/#website"},"datePublished":"2014-12-17T16:34:40+00:00","dateModified":"2019-03-24T11:16:11+00:00","description":"Sling Supply International, S.A.\u00a0utiliza diversos tipos de\u00a0cookies\u00a0(t\u00e9cnicas, anal\u00edticas y sociales) con la finalidad de mejorar la navegaci\u00f3n del usuario.","breadcrumb":{"@id":"https:\/\/www.slingsintt.com\/es\/politica-de-cookies\/#breadcrumb"},"inLanguage":"es","potentialAction":[{"@type":"ReadAction","target":["https:\/\/www.slingsintt.com\/es\/politica-de-cookies\/"]}]},{"@type":"BreadcrumbList","@id":"https:\/\/www.slingsintt.com\/es\/politica-de-cookies\/#breadcrumb","itemListElement":[{"@type":"ListItem","position":1,"name":"Portada","item":"https:\/\/www.slingsintt.com\/es\/"},{"@type":"ListItem","position":2,"name":"Pol\u00edtica de cookies"}]},{"@type":"WebSite","@id":"https:\/\/www.slingsintt.com\/es\/#website","url":"https:\/\/www.slingsintt.com\/es\/","name":"slingsintt","description":"Especialistas en elevaci\u00f3n","potentialAction":[{"@type":"SearchAction","target":{"@type":"EntryPoint","urlTemplate":"https:\/\/www.slingsintt.com\/es\/?s={search_term_string}"},"query-input":{"@type":"PropertyValueSpecification","valueRequired":true,"valueName":"search_term_string"}}],"inLanguage":"es"}]}},"_links":{"self":[{"href":"https:\/\/www.slingsintt.com\/es\/wp-json\/wp\/v2\/pages\/1071","targetHints":{"allow":["GET"]}}],"collection":[{"href":"https:\/\/www.slingsintt.com\/es\/wp-json\/wp\/v2\/pages"}],"about":[{"href":"https:\/\/www.slingsintt.com\/es\/wp-json\/wp\/v2\/types\/page"}],"author":[{"embeddable":true,"href":"https:\/\/www.slingsintt.com\/es\/wp-json\/wp\/v2\/users\/1"}],"replies":[{"embeddable":true,"href":"https:\/\/www.slingsintt.com\/es\/wp-json\/wp\/v2\/comments?post=1071"}],"version-history":[{"count":7,"href":"https:\/\/www.slingsintt.com\/es\/wp-json\/wp\/v2\/pages\/1071\/revisions"}],"predecessor-version":[{"id":4469,"href":"https:\/\/www.slingsintt.com\/es\/wp-json\/wp\/v2\/pages\/1071\/revisions\/4469"}],"wp:attachment":[{"href":"https:\/\/www.slingsintt.com\/es\/wp-json\/wp\/v2\/media?parent=1071"}],"curies":[{"name":"wp","href":"https:\/\/api.w.org\/{rel}","templated":true}]}}