{"id":3809,"date":"2019-01-07T17:12:07","date_gmt":"2019-01-07T17:12:07","guid":{"rendered":"http:\/\/www.slingsintt.com\/?page_id=3809"},"modified":"2019-03-26T08:31:24","modified_gmt":"2019-03-26T08:31:24","slug":"productos","status":"publish","type":"page","link":"https:\/\/www.slingsintt.com\/es\/productos\/","title":{"rendered":"PRODUCTOS"},"content":{"rendered":"<div class=\"wpb-content-wrapper\">[vc_row][vc_column][vc_empty_space height=\u00bb80px\u00bb][vc_column_text]\n<h2 style=\"text-align: center;\">En Slingsintt ofrecemos dos categor\u00edas de productos para poder encontrar la mejor soluci\u00f3n de elevaci\u00f3n en tu empresa.<\/h2>\n[\/vc_column_text][\/vc_column][\/vc_row][vc_row css=\u00bb.vc_custom_1546942224111{padding-bottom: 5em !important;}\u00bb][vc_column width=\u00bb1\/2&#8243;][vc_empty_space height=\u00bb80px\u00bb][vc_text_separator title=\u00bbPRODUCTOS PERSONALIZADOS\u00bb][vc_empty_space height=\u00bb40px\u00bb][vc_hoverbox image=\u00bb3845&#8243; primary_title=\u00bb\u00bb hover_title=\u00bbProductos dise\u00f1ados a medida\u00bb shape=\u00bbsquare\u00bb hover_background_color=\u00bbcustom\u00bb hover_btn_title=\u00bbDesc\u00fabrelos\u00bb hover_btn_style=\u00bbcustom\u00bb hover_btn_custom_background=\u00bb#342b6e\u00bb hover_btn_custom_text=\u00bb#ffffff\u00bb hover_btn_align=\u00bbcenter\u00bb hover_add_button=\u00bbtrue\u00bb hover_custom_background=\u00bb#e5e5e5&#8243; hover_btn_link=\u00bburl:http%3A%2F%2Fwww.slingsintt.com%2Fes%2Fservices%2Fsoluciones-personalizadas%2F|||\u00bb css=\u00bb.vc_custom_1553589549294{padding-top: 2em !important;padding-right: 2em !important;padding-bottom: 2em !important;padding-left: 2em !important;}\u00bb][\/vc_hoverbox][\/vc_column][vc_column width=\u00bb1\/2&#8243;][vc_empty_space height=\u00bb80px\u00bb][vc_text_separator title=\u00bbPRODUCTOS COMERCIALES\u00bb][vc_empty_space height=\u00bb40px\u00bb][vc_hoverbox image=\u00bb3843&#8243; primary_title=\u00bb\u00bb hover_title=\u00bbCat\u00e1logos de nuestras marcas\u00bb shape=\u00bbsquare\u00bb hover_background_color=\u00bbcustom\u00bb hover_btn_title=\u00bbDesc\u00fabrelos\u00bb hover_btn_style=\u00bbcustom\u00bb hover_btn_custom_background=\u00bb#342b6e\u00bb hover_btn_custom_text=\u00bb#ffffff\u00bb hover_btn_align=\u00bbcenter\u00bb hover_add_button=\u00bbtrue\u00bb hover_custom_background=\u00bb#e5e5e5&#8243; hover_btn_link=\u00bburl:http%3A%2F%2Fwww.slingsintt.com%2Fes%2Fservices%2Fproductos-comerciales%2F|||\u00bb css=\u00bb.vc_custom_1553589505414{padding-top: 2em !important;padding-right: 2em !important;padding-bottom: 2em !important;padding-left: 2em !important;}\u00bb][\/vc_hoverbox][\/vc_column][\/vc_row][vc_row][vc_column][vc_empty_space height=\u00bb80px\u00bb][\/vc_column][\/vc_row]\n<\/div>","protected":false},"excerpt":{"rendered":"<p>[vc_row][vc_column][vc_empty_space height=\u00bb80px\u00bb][vc_column_text] En Slingsintt ofrecemos dos categor\u00edas de productos para poder encontrar la mejor soluci\u00f3n de elevaci\u00f3n en tu empresa. [\/vc_column_text][\/vc_column][\/vc_row][vc_row css=\u00bb.vc_custom_1546942224111{padding-bottom: 5em !important;}\u00bb][vc_column width=\u00bb1\/2&#8243;][vc_empty_space height=\u00bb80px\u00bb][vc_text_separator title=\u00bbPRODUCTOS PERSONALIZADOS\u00bb][vc_empty_space height=\u00bb40px\u00bb][vc_hoverbox image=\u00bb3845&#8243; primary_title=\u00bb\u00bb hover_title=\u00bbProductos dise\u00f1ados a medida\u00bb shape=\u00bbsquare\u00bb hover_background_color=\u00bbcustom\u00bb hover_btn_title=\u00bbDesc\u00fabrelos\u00bb hover_btn_style=\u00bbcustom\u00bb hover_btn_custom_background=\u00bb#342b6e\u00bb hover_btn_custom_text=\u00bb#ffffff\u00bb hover_btn_align=\u00bbcenter\u00bb hover_add_button=\u00bbtrue\u00bb hover_custom_background=\u00bb#e5e5e5&#8243; hover_btn_link=\u00bburl:http%3A%2F%2Fwww.slingsintt.com%2Fes%2Fservices%2Fsoluciones-personalizadas%2F|||\u00bb css=\u00bb.vc_custom_1553589549294{padding-top: 2em !important;padding-right: 2em !important;padding-bottom: 2em !important;padding-left: 2em !important;}\u00bb][\/vc_hoverbox][\/vc_column][vc_column width=\u00bb1\/2&#8243;][vc_empty_space&hellip;<\/p>\n","protected":false},"author":2,"featured_media":0,"parent":0,"menu_order":0,"comment_status":"closed","ping_status":"closed","template":"","meta":{"footnotes":""},"class_list":["post-3809","page","type-page","status-publish","hentry"],"yoast_head":"<!-- This site is optimized with the Yoast SEO plugin v27.3 - https:\/\/yoast.com\/product\/yoast-seo-wordpress\/ -->\n<title>PRODUCTOS - slingsintt<\/title>\n<meta name=\"description\" content=\"En Slingsintt ofrecemos dos categor\u00edas de productos para poder encontrar la mejor soluci\u00f3n de elevaci\u00f3n en tu empresa, comerciales y personalizados.\" \/>\n<meta name=\"robots\" content=\"index, follow, max-snippet:-1, max-image-preview:large, max-video-preview:-1\" \/>\n<link rel=\"canonical\" href=\"https:\/\/www.slingsintt.com\/es\/productos\/\" \/>\n<meta property=\"og:locale\" content=\"es_ES\" \/>\n<meta property=\"og:type\" content=\"article\" \/>\n<meta property=\"og:title\" content=\"PRODUCTOS - slingsintt\" \/>\n<meta property=\"og:description\" content=\"En Slingsintt ofrecemos dos categor\u00edas de productos para poder encontrar la mejor soluci\u00f3n de elevaci\u00f3n en tu empresa, comerciales y personalizados.\" \/>\n<meta property=\"og:url\" content=\"https:\/\/www.slingsintt.com\/es\/productos\/\" \/>\n<meta property=\"og:site_name\" content=\"slingsintt\" \/>\n<meta property=\"article:modified_time\" content=\"2019-03-26T08:31:24+00:00\" \/>\n<meta name=\"twitter:label1\" content=\"Tiempo de lectura\" \/>\n\t<meta name=\"twitter:data1\" content=\"1 minuto\" \/>\n<script type=\"application\/ld+json\" class=\"yoast-schema-graph\">{\"@context\":\"https:\\\/\\\/schema.org\",\"@graph\":[{\"@type\":\"WebPage\",\"@id\":\"https:\\\/\\\/www.slingsintt.com\\\/es\\\/productos\\\/\",\"url\":\"https:\\\/\\\/www.slingsintt.com\\\/es\\\/productos\\\/\",\"name\":\"PRODUCTOS - slingsintt\",\"isPartOf\":{\"@id\":\"https:\\\/\\\/www.slingsintt.com\\\/es\\\/#website\"},\"datePublished\":\"2019-01-07T17:12:07+00:00\",\"dateModified\":\"2019-03-26T08:31:24+00:00\",\"description\":\"En Slingsintt ofrecemos dos categor\u00edas de productos para poder encontrar la mejor soluci\u00f3n de elevaci\u00f3n en tu empresa, comerciales y personalizados.\",\"breadcrumb\":{\"@id\":\"https:\\\/\\\/www.slingsintt.com\\\/es\\\/productos\\\/#breadcrumb\"},\"inLanguage\":\"es\",\"potentialAction\":[{\"@type\":\"ReadAction\",\"target\":[\"https:\\\/\\\/www.slingsintt.com\\\/es\\\/productos\\\/\"]}]},{\"@type\":\"BreadcrumbList\",\"@id\":\"https:\\\/\\\/www.slingsintt.com\\\/es\\\/productos\\\/#breadcrumb\",\"itemListElement\":[{\"@type\":\"ListItem\",\"position\":1,\"name\":\"Portada\",\"item\":\"https:\\\/\\\/www.slingsintt.com\\\/es\\\/\"},{\"@type\":\"ListItem\",\"position\":2,\"name\":\"PRODUCTOS\"}]},{\"@type\":\"WebSite\",\"@id\":\"https:\\\/\\\/www.slingsintt.com\\\/es\\\/#website\",\"url\":\"https:\\\/\\\/www.slingsintt.com\\\/es\\\/\",\"name\":\"slingsintt\",\"description\":\"Especialistas en elevaci\u00f3n\",\"potentialAction\":[{\"@type\":\"SearchAction\",\"target\":{\"@type\":\"EntryPoint\",\"urlTemplate\":\"https:\\\/\\\/www.slingsintt.com\\\/es\\\/?s={search_term_string}\"},\"query-input\":{\"@type\":\"PropertyValueSpecification\",\"valueRequired\":true,\"valueName\":\"search_term_string\"}}],\"inLanguage\":\"es\"}]}<\/script>\n<!-- \/ Yoast SEO plugin. -->","yoast_head_json":{"title":"PRODUCTOS - slingsintt","description":"En Slingsintt ofrecemos dos categor\u00edas de productos para poder encontrar la mejor soluci\u00f3n de elevaci\u00f3n en tu empresa, comerciales y personalizados.","robots":{"index":"index","follow":"follow","max-snippet":"max-snippet:-1","max-image-preview":"max-image-preview:large","max-video-preview":"max-video-preview:-1"},"canonical":"https:\/\/www.slingsintt.com\/es\/productos\/","og_locale":"es_ES","og_type":"article","og_title":"PRODUCTOS - slingsintt","og_description":"En Slingsintt ofrecemos dos categor\u00edas de productos para poder encontrar la mejor soluci\u00f3n de elevaci\u00f3n en tu empresa, comerciales y personalizados.","og_url":"https:\/\/www.slingsintt.com\/es\/productos\/","og_site_name":"slingsintt","article_modified_time":"2019-03-26T08:31:24+00:00","twitter_misc":{"Tiempo de lectura":"1 minuto"},"schema":{"@context":"https:\/\/schema.org","@graph":[{"@type":"WebPage","@id":"https:\/\/www.slingsintt.com\/es\/productos\/","url":"https:\/\/www.slingsintt.com\/es\/productos\/","name":"PRODUCTOS - slingsintt","isPartOf":{"@id":"https:\/\/www.slingsintt.com\/es\/#website"},"datePublished":"2019-01-07T17:12:07+00:00","dateModified":"2019-03-26T08:31:24+00:00","description":"En Slingsintt ofrecemos dos categor\u00edas de productos para poder encontrar la mejor soluci\u00f3n de elevaci\u00f3n en tu empresa, comerciales y personalizados.","breadcrumb":{"@id":"https:\/\/www.slingsintt.com\/es\/productos\/#breadcrumb"},"inLanguage":"es","potentialAction":[{"@type":"ReadAction","target":["https:\/\/www.slingsintt.com\/es\/productos\/"]}]},{"@type":"BreadcrumbList","@id":"https:\/\/www.slingsintt.com\/es\/productos\/#breadcrumb","itemListElement":[{"@type":"ListItem","position":1,"name":"Portada","item":"https:\/\/www.slingsintt.com\/es\/"},{"@type":"ListItem","position":2,"name":"PRODUCTOS"}]},{"@type":"WebSite","@id":"https:\/\/www.slingsintt.com\/es\/#website","url":"https:\/\/www.slingsintt.com\/es\/","name":"slingsintt","description":"Especialistas en elevaci\u00f3n","potentialAction":[{"@type":"SearchAction","target":{"@type":"EntryPoint","urlTemplate":"https:\/\/www.slingsintt.com\/es\/?s={search_term_string}"},"query-input":{"@type":"PropertyValueSpecification","valueRequired":true,"valueName":"search_term_string"}}],"inLanguage":"es"}]}},"_links":{"self":[{"href":"https:\/\/www.slingsintt.com\/es\/wp-json\/wp\/v2\/pages\/3809","targetHints":{"allow":["GET"]}}],"collection":[{"href":"https:\/\/www.slingsintt.com\/es\/wp-json\/wp\/v2\/pages"}],"about":[{"href":"https:\/\/www.slingsintt.com\/es\/wp-json\/wp\/v2\/types\/page"}],"author":[{"embeddable":true,"href":"https:\/\/www.slingsintt.com\/es\/wp-json\/wp\/v2\/users\/2"}],"replies":[{"embeddable":true,"href":"https:\/\/www.slingsintt.com\/es\/wp-json\/wp\/v2\/comments?post=3809"}],"version-history":[{"count":21,"href":"https:\/\/www.slingsintt.com\/es\/wp-json\/wp\/v2\/pages\/3809\/revisions"}],"predecessor-version":[{"id":4582,"href":"https:\/\/www.slingsintt.com\/es\/wp-json\/wp\/v2\/pages\/3809\/revisions\/4582"}],"wp:attachment":[{"href":"https:\/\/www.slingsintt.com\/es\/wp-json\/wp\/v2\/media?parent=3809"}],"curies":[{"name":"wp","href":"https:\/\/api.w.org\/{rel}","templated":true}]}}