{"id":4093,"date":"2019-01-25T11:13:53","date_gmt":"2019-01-25T11:13:53","guid":{"rendered":"http:\/\/www.slingsintt.com\/?page_id=4093"},"modified":"2019-03-24T08:56:08","modified_gmt":"2019-03-24T08:56:08","slug":"personalizar-producto","status":"publish","type":"page","link":"https:\/\/www.slingsintt.com\/es\/personalizar-producto\/","title":{"rendered":"PERSONALIZAR PRODUCTO"},"content":{"rendered":"<div class=\"wpb-content-wrapper\">[vc_row][vc_column width=\u00bb1\/6&#8243;][\/vc_column][vc_column width=\u00bb2\/3&#8243;][vc_empty_space height=\u00bb80px\u00bb][vc_column_text css=\u00bb.vc_custom_1548415441717{margin-bottom: 30px !important;border-bottom-width: 1px !important;padding-bottom: 25px !important;border-bottom-color: #342b6e !important;border-bottom-style: solid !important;}\u00bb]\n<h4>\u00bfNecesitas una propuesta para tu producto?<\/h4>\n<p>Rellena el siguiente formulario para facilitarnos la informaci\u00f3n y prepararemos una propuesta lo m\u00e1s personalizado a tu necesidad de elevaci\u00f3n.[\/vc_column_text]\n<div class=\"wpcf7 no-js\" id=\"wpcf7-f4097-o1\" lang=\"es-ES\" dir=\"ltr\" data-wpcf7-id=\"4097\">\n<div class=\"screen-reader-response\"><p role=\"status\" aria-live=\"polite\" aria-atomic=\"true\"><\/p> <ul><\/ul><\/div>\n<form action=\"\/es\/wp-json\/wp\/v2\/pages\/4093#wpcf7-f4097-o1\" method=\"post\" class=\"wpcf7-form init\" aria-label=\"Formulario de contacto\" enctype=\"multipart\/form-data\" novalidate=\"novalidate\" data-status=\"init\">\n<fieldset class=\"hidden-fields-container\"><input type=\"hidden\" name=\"_wpcf7\" value=\"4097\" \/><input type=\"hidden\" name=\"_wpcf7_version\" value=\"6.1.5\" \/><input type=\"hidden\" name=\"_wpcf7_locale\" value=\"es_ES\" \/><input type=\"hidden\" name=\"_wpcf7_unit_tag\" value=\"wpcf7-f4097-o1\" \/><input type=\"hidden\" name=\"_wpcf7_container_post\" value=\"0\" \/><input type=\"hidden\" name=\"_wpcf7_posted_data_hash\" value=\"\" \/><input type=\"hidden\" name=\"_wpcf7_recaptcha_response\" value=\"\" \/>\n<\/fieldset>\n<div class=\"row\">\n\t<div class=\"small-12 columns\">\n\t\t<p><label> Tipo de producto <\/label>\n\t\t<\/p>\n\t<\/div>\n\t<div class=\"small-12 large-6 columns\">\n\t\t<p><img decoding=\"async\" src=\"http:\/\/www.slingsintt.com\/wp-content\/uploads\/2019\/01\/balancin.png\" alt=\"Balanc\u00edn\"  width=\"100%\" \/><br \/>\n<span class=\"wpcf7-form-control-wrap\" data-name=\"tipo\"><span class=\"wpcf7-form-control wpcf7-checkbox wpcf7-exclusive-checkbox\"><span class=\"wpcf7-list-item first last\"><label><span class=\"wpcf7-list-item-label\">Balanc\u00edn<\/span><input type=\"checkbox\" name=\"tipo\" value=\"Balanc\u00edn\" \/><\/label><\/span><\/span><\/span>\n\t\t<\/p>\n\t<\/div>\n\t<div class=\"small-12 large-6 columns\">\n\t\t<p><img decoding=\"async\" src=\"http:\/\/www.slingsintt.com\/wp-content\/uploads\/2019\/01\/gancho_c.png\" alt=\"Gancho C\"  width=\"100%\" \/><br \/>\n<span class=\"wpcf7-form-control-wrap\" data-name=\"tipo\"><span class=\"wpcf7-form-control wpcf7-checkbox wpcf7-exclusive-checkbox\"><span class=\"wpcf7-list-item first last\"><label><span class=\"wpcf7-list-item-label\">Gancho C<\/span><input type=\"checkbox\" name=\"tipo\" value=\"Gancho C\" \/><\/label><\/span><\/span><\/span>\n\t\t<\/p>\n\t<\/div>\n\t<div class=\"small-12 large-6 columns\">\n\t\t<p><img decoding=\"async\" src=\"http:\/\/www.slingsintt.com\/wp-content\/uploads\/2019\/01\/orejetas_izado.png\" alt=\"Orejetas izado\"  width=\"100%\" \/><br \/>\n<span class=\"wpcf7-form-control-wrap\" data-name=\"tipo\"><span class=\"wpcf7-form-control wpcf7-checkbox wpcf7-exclusive-checkbox\"><span class=\"wpcf7-list-item first last\"><label><span class=\"wpcf7-list-item-label\">Orejetas izado<\/span><input type=\"checkbox\" name=\"tipo\" value=\"Orejetas izado\" \/><\/label><\/span><\/span><\/span>\n\t\t<\/p>\n\t<\/div>\n\t<div class=\"small-12 large-6 columns\">\n\t\t<p><img decoding=\"async\" src=\"http:\/\/www.slingsintt.com\/wp-content\/uploads\/2019\/01\/volteadores.png\" alt=\"Volteadores\"  width=\"100%\" \/><br \/>\n<span class=\"wpcf7-form-control-wrap\" data-name=\"tipo\"><span class=\"wpcf7-form-control wpcf7-checkbox wpcf7-exclusive-checkbox\"><span class=\"wpcf7-list-item first last\"><label><span class=\"wpcf7-list-item-label\">Volteadores<\/span><input type=\"checkbox\" name=\"tipo\" value=\"Volteadores\" \/><\/label><\/span><\/span><\/span>\n\t\t<\/p>\n\t<\/div>\n\t<div class=\"small-12 large-6 columns\">\n\t\t<p><img decoding=\"async\" src=\"http:\/\/www.slingsintt.com\/wp-content\/uploads\/2019\/03\/soporte.jpg\" alt=\"Soporte\"  width=\"100%\" \/><br \/>\n<span class=\"wpcf7-form-control-wrap\" data-name=\"tipo\"><span class=\"wpcf7-form-control wpcf7-checkbox wpcf7-exclusive-checkbox\"><span class=\"wpcf7-list-item first last\"><label><span class=\"wpcf7-list-item-label\">Soporte<\/span><input type=\"checkbox\" name=\"tipo\" value=\"Soporte\" \/><\/label><\/span><\/span><\/span>\n\t\t<\/p>\n\t<\/div>\n\t<div class=\"small-12  columns\">\n\t\t<p><label>Otro tipo de producto<\/label><span class=\"wpcf7-form-control-wrap\" data-name=\"otro\"><input size=\"40\" maxlength=\"400\" class=\"wpcf7-form-control wpcf7-text\" aria-invalid=\"false\" value=\"\" type=\"text\" name=\"otro\" \/><\/span>\n\t\t<\/p>\n\t<\/div>\n\t<div class=\"row\">\n\t\t<div class=\"small-12 columns\">\n\t\t\t<h5>Datos sobre la carga:\n\t\t\t<\/h5>\n\t\t<\/div>\n\t\t<div class=\"small-12 columns\">\n\t\t\t<p><label> Tipo de carga<\/label><span class=\"wpcf7-form-control-wrap\" data-name=\"carga-tipo\"><input size=\"40\" maxlength=\"400\" class=\"wpcf7-form-control wpcf7-text wpcf7-validates-as-required full\" aria-required=\"true\" aria-invalid=\"false\" value=\"\" type=\"text\" name=\"carga-tipo\" \/><\/span>\n\t\t\t<\/p>\n\t\t<\/div>\n\t\t<div class=\"small-12 large-6 columns\">\n\t\t\t<p><label>Dimensiones de la carga: alto x ancho x largo (mm)<\/label><span class=\"wpcf7-form-control-wrap\" data-name=\"dimensiones\"><input size=\"40\" maxlength=\"400\" class=\"wpcf7-form-control wpcf7-text wpcf7-validates-as-required full\" aria-required=\"true\" aria-invalid=\"false\" value=\"\" type=\"text\" name=\"dimensiones\" \/><\/span>\n\t\t\t<\/p>\n\t\t<\/div>\n\t\t<div class=\"small-12 large-6 columns\">\n\t\t\t<p><label>Peso: (Kg)<\/label><span class=\"wpcf7-form-control-wrap\" data-name=\"peso\"><input size=\"40\" maxlength=\"400\" class=\"wpcf7-form-control wpcf7-text wpcf7-validates-as-required full\" aria-required=\"true\" aria-invalid=\"false\" value=\"\" type=\"text\" name=\"peso\" \/><\/span>\n\t\t\t<\/p>\n\t\t<\/div>\n\t<\/div>\n\t<div class=\"row\">\n\t\t<div class=\"small-12 columns\">\n\t\t\t<h5>M\u00e1s informaci\u00f3n:\n\t\t\t<\/h5>\n\t\t<\/div>\n\t\t<div class=\"small-12 large-4 columns\">\n\t\t\t<p><label>Altura disponible: (mm)<\/label><span class=\"wpcf7-form-control-wrap\" data-name=\"altura\"><input class=\"wpcf7-form-control wpcf7-number wpcf7-validates-as-required wpcf7-validates-as-number\" aria-required=\"true\" aria-invalid=\"false\" value=\"0\" type=\"number\" name=\"altura\" \/><\/span>\n\t\t\t<\/p>\n\t\t<\/div>\n\t\t<div class=\"small-12 large-4 columns\">\n\t\t\t<p><label>Dimensiones del gancho gr\u00faa:<\/label><span class=\"wpcf7-form-control-wrap\" data-name=\"dimensiones_gancho\"><input class=\"wpcf7-form-control wpcf7-number wpcf7-validates-as-required wpcf7-validates-as-number\" aria-required=\"true\" aria-invalid=\"false\" value=\"0\" type=\"number\" name=\"dimensiones_gancho\" \/><\/span>\n\t\t\t<\/p>\n\t\t<\/div>\n\t\t<div class=\"small-12 large-4 columns\">\n\t\t\t<p><label>D\u00f3nde se utilizar\u00e1?<\/label><span class=\"wpcf7-form-control-wrap\" data-name=\"lugar\"><select class=\"wpcf7-form-control wpcf7-select wpcf7-validates-as-required\" aria-required=\"true\" aria-invalid=\"false\" name=\"lugar\"><option value=\"\">&#8212;Por favor, elige una opci\u00f3n&#8212;<\/option><option value=\"Europa\">Europa<\/option><option value=\"EEUU\">EEUU<\/option><option value=\"Otro\">Otro<\/option><\/select><\/span>\n\t\t\t<\/p>\n\t\t<\/div>\n\t\t<div class=\"small-12 large-6 columns\">\n\t\t\t<p><label>Mas informaci\u00f3n:<\/label><span class=\"wpcf7-form-control-wrap\" data-name=\"mas-info\"><textarea cols=\"40\" rows=\"10\" maxlength=\"2000\" class=\"wpcf7-form-control wpcf7-textarea\" aria-invalid=\"false\" name=\"mas-info\">Si necesita, escribe aqu\u00ed m\u00e1s informaci\u00f3n<\/textarea><\/span>\n\t\t\t<\/p>\n\t\t<\/div>\n\t\t<div class=\"small-12 large-6 columns\">\n\t\t\t<p><label>Insertar archivo:<\/label><span class=\"wpcf7-form-control-wrap\" data-name=\"file-700\"><input size=\"40\" class=\"wpcf7-form-control wpcf7-file\" accept=\".pdf,.jpg,.doc,.docx,.png\" aria-invalid=\"false\" type=\"file\" name=\"file-700\" \/><\/span>\n\t\t\t<\/p>\n\t\t<\/div>\n\t<\/div>\n\t<div class=\"row\">\n\t\t<div class=\"small-12 columns\">\n\t\t\t<h5>Datos del solicitante:\n\t\t\t<\/h5>\n\t\t<\/div>\n\t\t<div class=\"small-12 large-6 columns\">\n\t\t\t<p><label> Tu nombre<\/label><span class=\"wpcf7-form-control-wrap\" data-name=\"nombre\"><input size=\"40\" maxlength=\"400\" class=\"wpcf7-form-control wpcf7-text wpcf7-validates-as-required full\" aria-required=\"true\" aria-invalid=\"false\" value=\"\" type=\"text\" name=\"nombre\" \/><\/span>\n\t\t\t<\/p>\n\t\t<\/div>\n\t\t<div class=\"small-12 large-6 columns\">\n\t\t\t<p><label>Tus apellidos<\/label><span class=\"wpcf7-form-control-wrap\" data-name=\"apellidos\"><input size=\"40\" maxlength=\"400\" class=\"wpcf7-form-control wpcf7-text wpcf7-validates-as-required full\" aria-required=\"true\" aria-invalid=\"false\" value=\"\" type=\"text\" name=\"apellidos\" \/><\/span>\n\t\t\t<\/p>\n\t\t<\/div>\n\t\t<div class=\"small-12 columns\">\n\t\t\t<p><label>Empresa<\/label><span class=\"wpcf7-form-control-wrap\" data-name=\"empresa\"><input size=\"40\" maxlength=\"400\" class=\"wpcf7-form-control wpcf7-text wpcf7-validates-as-required full\" aria-required=\"true\" aria-invalid=\"false\" value=\"\" type=\"text\" name=\"empresa\" \/><\/span>\n\t\t\t<\/p>\n\t\t<\/div>\n\t\t<div class=\"small-12 large-6 columns\">\n\t\t\t<p><label>Email<\/label><span class=\"wpcf7-form-control-wrap\" data-name=\"email\"><input size=\"40\" maxlength=\"400\" class=\"wpcf7-form-control wpcf7-text wpcf7-validates-as-required full\" aria-required=\"true\" aria-invalid=\"false\" value=\"\" type=\"text\" name=\"email\" \/><\/span>\n\t\t\t<\/p>\n\t\t<\/div>\n\t\t<div class=\"small-12 large-6 columns\">\n\t\t\t<p><label>Tel\u00e9fono<\/label><span class=\"wpcf7-form-control-wrap\" data-name=\"telefono\"><input size=\"40\" maxlength=\"400\" class=\"wpcf7-form-control wpcf7-text wpcf7-validates-as-required full\" aria-required=\"true\" aria-invalid=\"false\" value=\"\" type=\"text\" name=\"telefono\" \/><\/span>\n\t\t\t<\/p>\n\t\t<\/div>\n\t<\/div>\n\t<div class=\"row\">\n\t\t<div class=\"small-12 columns\">\n\t\t\t<p><span class=\"wpcf7-form-control-wrap\" data-name=\"acceptance-994\"><span class=\"wpcf7-form-control wpcf7-acceptance\"><span class=\"wpcf7-list-item\"><label><input type=\"checkbox\" name=\"acceptance-994\" value=\"1\" aria-invalid=\"false\" \/><span class=\"wpcf7-list-item-label\">Acepto las <a href=\"http:\/\/www.slingsintt.com\/es\/aviso-legal\/\">condiciones de uso del formulario de contacto<\/a><\/span><\/label><\/span><\/span><\/span>\n\t\t\t<\/p>\n\t\t<\/div>\n\t\t<div class=\"small-12 columns\">\n\t\t\t<p><span class=\"wpcf7-form-control-wrap\" data-name=\"acceptance-653\"><span class=\"wpcf7-form-control wpcf7-acceptance\"><span class=\"wpcf7-list-item\"><label><input type=\"checkbox\" name=\"acceptance-653\" value=\"1\" aria-invalid=\"false\" \/><span class=\"wpcf7-list-item-label\">Acepto que mis datos identificativos sean incluidos para finalidades comerciales de Sling Supply International, S.A.<\/span><\/label><\/span><\/span><\/span>\n\t\t\t<\/p>\n\t\t<\/div>\n\t<\/div>\n\t<div class=\"row\">\n\t\t<div class=\"small-12 columns\">\n\t\t\t<p><input class=\"wpcf7-form-control wpcf7-submit has-spinner btn\" type=\"submit\" value=\"Enviar\" \/>\n\t\t\t<\/p>\n\t\t<\/div>\n\t<\/div>\n<\/div><div class=\"wpcf7-response-output\" aria-hidden=\"true\"><\/div>\n<\/form>\n<\/div>\n[vc_empty_space height=\u00bb50px\u00bb][\/vc_column][vc_column width=\u00bb1\/6&#8243;][\/vc_column][\/vc_row][vc_row][vc_column][vc_separator][\/vc_column][\/vc_row]\n<\/div>","protected":false},"excerpt":{"rendered":"<p>[vc_row][vc_column width=\u00bb1\/6&#8243;][\/vc_column][vc_column width=\u00bb2\/3&#8243;][vc_empty_space height=\u00bb80px\u00bb][vc_column_text css=\u00bb.vc_custom_1548415441717{margin-bottom: 30px !important;border-bottom-width: 1px !important;padding-bottom: 25px !important;border-bottom-color: #342b6e !important;border-bottom-style: solid !important;}\u00bb] \u00bfNecesitas una propuesta para tu producto? Rellena el siguiente formulario para facilitarnos la informaci\u00f3n y prepararemos una propuesta lo m\u00e1s personalizado a tu necesidad de elevaci\u00f3n.[\/vc_column_text][vc_empty_space height=\u00bb50px\u00bb][\/vc_column][vc_column width=\u00bb1\/6&#8243;][\/vc_column][\/vc_row][vc_row][vc_column][vc_separator][\/vc_column][\/vc_row]<\/p>\n","protected":false},"author":2,"featured_media":0,"parent":0,"menu_order":0,"comment_status":"closed","ping_status":"closed","template":"","meta":{"footnotes":""},"class_list":["post-4093","page","type-page","status-publish","hentry"],"yoast_head":"<!-- This site is optimized with the Yoast SEO plugin v27.5 - https:\/\/yoast.com\/product\/yoast-seo-wordpress\/ -->\n<title>PERSONALIZAR PRODUCTO - slingsintt<\/title>\n<meta name=\"description\" content=\"Rellena el siguiente formulario para facilitarnos la informaci\u00f3n y prepararemos una propuesta lo m\u00e1s personalizado a tu necesidad de elevaci\u00f3n.\" \/>\n<meta name=\"robots\" content=\"index, follow, max-snippet:-1, max-image-preview:large, max-video-preview:-1\" \/>\n<link rel=\"canonical\" href=\"https:\/\/www.slingsintt.com\/es\/personalizar-producto\/\" \/>\n<meta property=\"og:locale\" content=\"es_ES\" \/>\n<meta property=\"og:type\" content=\"article\" \/>\n<meta property=\"og:title\" content=\"PERSONALIZAR PRODUCTO - slingsintt\" \/>\n<meta property=\"og:description\" content=\"Rellena el siguiente formulario para facilitarnos la informaci\u00f3n y prepararemos una propuesta lo m\u00e1s personalizado a tu necesidad de elevaci\u00f3n.\" \/>\n<meta property=\"og:url\" content=\"https:\/\/www.slingsintt.com\/es\/personalizar-producto\/\" \/>\n<meta property=\"og:site_name\" content=\"slingsintt\" \/>\n<meta property=\"article:modified_time\" content=\"2019-03-24T08:56:08+00:00\" \/>\n<script type=\"application\/ld+json\" class=\"yoast-schema-graph\">{\"@context\":\"https:\\\/\\\/schema.org\",\"@graph\":[{\"@type\":\"WebPage\",\"@id\":\"https:\\\/\\\/www.slingsintt.com\\\/es\\\/personalizar-producto\\\/\",\"url\":\"https:\\\/\\\/www.slingsintt.com\\\/es\\\/personalizar-producto\\\/\",\"name\":\"PERSONALIZAR PRODUCTO - slingsintt\",\"isPartOf\":{\"@id\":\"https:\\\/\\\/www.slingsintt.com\\\/es\\\/#website\"},\"datePublished\":\"2019-01-25T11:13:53+00:00\",\"dateModified\":\"2019-03-24T08:56:08+00:00\",\"description\":\"Rellena el siguiente formulario para facilitarnos la informaci\u00f3n y prepararemos una propuesta lo m\u00e1s personalizado a tu necesidad de elevaci\u00f3n.\",\"breadcrumb\":{\"@id\":\"https:\\\/\\\/www.slingsintt.com\\\/es\\\/personalizar-producto\\\/#breadcrumb\"},\"inLanguage\":\"es\",\"potentialAction\":[{\"@type\":\"ReadAction\",\"target\":[\"https:\\\/\\\/www.slingsintt.com\\\/es\\\/personalizar-producto\\\/\"]}]},{\"@type\":\"BreadcrumbList\",\"@id\":\"https:\\\/\\\/www.slingsintt.com\\\/es\\\/personalizar-producto\\\/#breadcrumb\",\"itemListElement\":[{\"@type\":\"ListItem\",\"position\":1,\"name\":\"Portada\",\"item\":\"https:\\\/\\\/www.slingsintt.com\\\/es\\\/\"},{\"@type\":\"ListItem\",\"position\":2,\"name\":\"PERSONALIZAR PRODUCTO\"}]},{\"@type\":\"WebSite\",\"@id\":\"https:\\\/\\\/www.slingsintt.com\\\/es\\\/#website\",\"url\":\"https:\\\/\\\/www.slingsintt.com\\\/es\\\/\",\"name\":\"slingsintt\",\"description\":\"Especialistas en elevaci\u00f3n\",\"potentialAction\":[{\"@type\":\"SearchAction\",\"target\":{\"@type\":\"EntryPoint\",\"urlTemplate\":\"https:\\\/\\\/www.slingsintt.com\\\/es\\\/?s={search_term_string}\"},\"query-input\":{\"@type\":\"PropertyValueSpecification\",\"valueRequired\":true,\"valueName\":\"search_term_string\"}}],\"inLanguage\":\"es\"}]}<\/script>\n<!-- \/ Yoast SEO plugin. -->","yoast_head_json":{"title":"PERSONALIZAR PRODUCTO - slingsintt","description":"Rellena el siguiente formulario para facilitarnos la informaci\u00f3n y prepararemos una propuesta lo m\u00e1s personalizado a tu necesidad de elevaci\u00f3n.","robots":{"index":"index","follow":"follow","max-snippet":"max-snippet:-1","max-image-preview":"max-image-preview:large","max-video-preview":"max-video-preview:-1"},"canonical":"https:\/\/www.slingsintt.com\/es\/personalizar-producto\/","og_locale":"es_ES","og_type":"article","og_title":"PERSONALIZAR PRODUCTO - slingsintt","og_description":"Rellena el siguiente formulario para facilitarnos la informaci\u00f3n y prepararemos una propuesta lo m\u00e1s personalizado a tu necesidad de elevaci\u00f3n.","og_url":"https:\/\/www.slingsintt.com\/es\/personalizar-producto\/","og_site_name":"slingsintt","article_modified_time":"2019-03-24T08:56:08+00:00","schema":{"@context":"https:\/\/schema.org","@graph":[{"@type":"WebPage","@id":"https:\/\/www.slingsintt.com\/es\/personalizar-producto\/","url":"https:\/\/www.slingsintt.com\/es\/personalizar-producto\/","name":"PERSONALIZAR PRODUCTO - slingsintt","isPartOf":{"@id":"https:\/\/www.slingsintt.com\/es\/#website"},"datePublished":"2019-01-25T11:13:53+00:00","dateModified":"2019-03-24T08:56:08+00:00","description":"Rellena el siguiente formulario para facilitarnos la informaci\u00f3n y prepararemos una propuesta lo m\u00e1s personalizado a tu necesidad de elevaci\u00f3n.","breadcrumb":{"@id":"https:\/\/www.slingsintt.com\/es\/personalizar-producto\/#breadcrumb"},"inLanguage":"es","potentialAction":[{"@type":"ReadAction","target":["https:\/\/www.slingsintt.com\/es\/personalizar-producto\/"]}]},{"@type":"BreadcrumbList","@id":"https:\/\/www.slingsintt.com\/es\/personalizar-producto\/#breadcrumb","itemListElement":[{"@type":"ListItem","position":1,"name":"Portada","item":"https:\/\/www.slingsintt.com\/es\/"},{"@type":"ListItem","position":2,"name":"PERSONALIZAR PRODUCTO"}]},{"@type":"WebSite","@id":"https:\/\/www.slingsintt.com\/es\/#website","url":"https:\/\/www.slingsintt.com\/es\/","name":"slingsintt","description":"Especialistas en elevaci\u00f3n","potentialAction":[{"@type":"SearchAction","target":{"@type":"EntryPoint","urlTemplate":"https:\/\/www.slingsintt.com\/es\/?s={search_term_string}"},"query-input":{"@type":"PropertyValueSpecification","valueRequired":true,"valueName":"search_term_string"}}],"inLanguage":"es"}]}},"_links":{"self":[{"href":"https:\/\/www.slingsintt.com\/es\/wp-json\/wp\/v2\/pages\/4093","targetHints":{"allow":["GET"]}}],"collection":[{"href":"https:\/\/www.slingsintt.com\/es\/wp-json\/wp\/v2\/pages"}],"about":[{"href":"https:\/\/www.slingsintt.com\/es\/wp-json\/wp\/v2\/types\/page"}],"author":[{"embeddable":true,"href":"https:\/\/www.slingsintt.com\/es\/wp-json\/wp\/v2\/users\/2"}],"replies":[{"embeddable":true,"href":"https:\/\/www.slingsintt.com\/es\/wp-json\/wp\/v2\/comments?post=4093"}],"version-history":[{"count":3,"href":"https:\/\/www.slingsintt.com\/es\/wp-json\/wp\/v2\/pages\/4093\/revisions"}],"predecessor-version":[{"id":4098,"href":"https:\/\/www.slingsintt.com\/es\/wp-json\/wp\/v2\/pages\/4093\/revisions\/4098"}],"wp:attachment":[{"href":"https:\/\/www.slingsintt.com\/es\/wp-json\/wp\/v2\/media?parent=4093"}],"curies":[{"name":"wp","href":"https:\/\/api.w.org\/{rel}","templated":true}]}}