{"id":4900,"date":"2020-04-23T11:41:28","date_gmt":"2020-04-23T11:41:28","guid":{"rendered":"https:\/\/www.slingsintt.com\/?page_id=4900"},"modified":"2025-07-16T09:48:58","modified_gmt":"2025-07-16T09:48:58","slug":"trabaja-con-nosotros","status":"publish","type":"page","link":"https:\/\/www.slingsintt.com\/es\/trabaja-con-nosotros\/","title":{"rendered":"TRABAJA CON NOSOTROS &#8211; EMPLEOS"},"content":{"rendered":"<div class=\"wpb-content-wrapper\">[vc_row][vc_column width=\u00bb1\/12&#8243;][\/vc_column][vc_column width=\u00bb5\/6&#8243;][vc_empty_space height=\u00bb80px\u00bb][vc_column_text css=\u00bb.vc_custom_1587641935017{margin-bottom: 30px !important;border-bottom-width: 1px !important;padding-bottom: 25px !important;border-bottom-color: #0c006b !important;border-bottom-style: solid !important;}\u00bb]\n<h3>Trabaja con nosotros<\/h3>\n<p style=\"font-weight: 400;\">Formar parte de Slingsintt significa ser parte activa de la evoluci\u00f3n de la industria en busca de mejoras productivas y hacia la seguridad. El alcance de nuestras soluciones se centra en aportar dise\u00f1os y soluciones que cubran las necesidades que presenten nuestros clientes en el \u00e1mbito de la elevaci\u00f3n y transporte.<\/p>\n<p style=\"font-weight: 400;\">Como empresa proactiva analizamos la situaci\u00f3n real de cada sector buscando nuevas soluciones que permitan ahorros significantes en el costo de una forma segura para los operarios.<\/p>\n<p style=\"font-weight: 400;\">En el mercado e\u00f3lico, uno de nuestros principales sectores de trabajo, somos una empresa con amplia reputaci\u00f3n siempre cerca de nuestros clientes aportando dise\u00f1os y soluciones innovadoras. Nuestros productos est\u00e1n siendo utilizados en todo el mundo y continuamos buscando nuevos retos a los que nuestro equipo t\u00e9cnico pueda dar respuesta.<\/p>\n<p style=\"font-weight: 400;\">Si actualmente no tenemos ninguna vacante disponible puede enviarnos su perfil indicando como cree que puede encajar en Slingsintt.<\/p>\n[\/vc_column_text][vc_column_text css=\u00bb.vc_custom_1587641999389{margin-bottom: 10px !important;padding-bottom: 25px !important;}\u00bb]\n<h4>Ofertas de trabajo actuales:<\/h4>\n[\/vc_column_text][vc_row_inner css=\u00bb.vc_custom_1587112764062{margin-bottom: 20px !important;border-top-width: 1px !important;border-right-width: 1px !important;border-bottom-width: 1px !important;border-left-width: 1px !important;padding-top: 25px !important;padding-right: 25px !important;padding-bottom: 25px !important;padding-left: 25px !important;border-left-color: #0c006b !important;border-left-style: solid !important;border-right-color: #0c006b !important;border-right-style: solid !important;border-top-color: #0c006b !important;border-top-style: solid !important;border-bottom-color: #0c006b !important;border-bottom-style: solid !important;}\u00bb][vc_column_inner][vc_column_text css=\u00bb.vc_custom_1587642044761{padding-bottom: 20px !important;}\u00bb]<a href=\"https:\/\/www.slingsintt.com\/es\/trabaja-con-nosotros-ingeniero-de-investigacion-y-desarrollo\/\"><strong>Ingeniero de investigaci\u00f3n y desarrollo<\/strong><\/a><\/p>\n<p>En dependencia del director de I+D llevar\u00e1s a cabo los desarrollos t\u00e9cnicos para el dise\u00f1o de equipamiento especial de elevaci\u00f3n. Ser\u00e1s responsable de definir y ejecutar pruebas de concepto, dise\u00f1ando y ejecutando ensayos o fabricando modelos a escala con los que validar los conceptos m\u00e1s relevantes de cada proyecto.[\/vc_column_text]\t<a class=\"btn-text   style5\" href=\"https:\/\/www.slingsintt.com\/es\/trabaja-con-nosotros-ingeniero-de-investigacion-y-desarrollo\/\" target=\"_self\" role=\"button\" title=\"Saber m\u00e1s\">\r\n\t\t\t\t\t\t <span>Saber m\u00e1s<\/span>\r\n\t\t\t\t\t<div class=\"arrow\"><svg xmlns=\"http:\/\/www.w3.org\/2000\/svg\" xmlns:xlink=\"http:\/\/www.w3.org\/1999\/xlink\" x=\"0px\" y=\"0px\"\r\n\t width=\"30px\" height=\"18px\" viewBox=\"0 0 30 18\" enable-background=\"new 0 0 30 18\" xml:space=\"preserve\">\r\n<path class=\"handle\" d=\"M20.305,16.212c-0.407,0.409-0.407,1.071,0,1.479s1.068,0.408,1.476,0l7.914-7.952c0.408-0.409,0.408-1.071,0-1.481\r\n\tl-7.914-7.952c-0.407-0.409-1.068-0.409-1.476,0s-0.407,1.071,0,1.48l7.185,7.221L20.305,16.212z\"\/>\r\n<path class=\"bar\" fill-rule=\"evenodd\" clip-rule=\"evenodd\" d=\"M1,8h28.001c0.551,0,1,0.448,1,1c0,0.553-0.449,1-1,1H1c-0.553,0-1-0.447-1-1\r\n\tC0,8.448,0.447,8,1,8z\"\/>\r\n<\/svg>\r\n<\/div><\/a>\r\n\r\n\t[\/vc_column_inner][\/vc_row_inner][vc_empty_space height=\u00bb80px\u00bb][vc_column_text css=\u00bb\u00bb]\n<h4>\u00bfQuieres trabajar con nosotros?<\/h4>\n<p>Estamos buscando nuevos talentos. Rellena el formulario y env\u00edanos tu curr\u00edculum profesional para conocerte mejor.[\/vc_column_text]\n<div class=\"wpcf7 no-js\" id=\"wpcf7-f3852-o1\" lang=\"es-ES\" dir=\"ltr\" data-wpcf7-id=\"3852\">\n<div class=\"screen-reader-response\"><p role=\"status\" aria-live=\"polite\" aria-atomic=\"true\"><\/p> <ul><\/ul><\/div>\n<form action=\"\/es\/wp-json\/wp\/v2\/pages\/4900#wpcf7-f3852-o1\" method=\"post\" class=\"wpcf7-form init\" aria-label=\"Formulario de contacto\" enctype=\"multipart\/form-data\" novalidate=\"novalidate\" data-status=\"init\">\n<fieldset class=\"hidden-fields-container\"><input type=\"hidden\" name=\"_wpcf7\" value=\"3852\" \/><input type=\"hidden\" name=\"_wpcf7_version\" value=\"6.1.5\" \/><input type=\"hidden\" name=\"_wpcf7_locale\" value=\"es_ES\" \/><input type=\"hidden\" name=\"_wpcf7_unit_tag\" value=\"wpcf7-f3852-o1\" \/><input type=\"hidden\" name=\"_wpcf7_container_post\" value=\"0\" \/><input type=\"hidden\" name=\"_wpcf7_posted_data_hash\" value=\"\" \/><input type=\"hidden\" name=\"_wpcf7_recaptcha_response\" value=\"\" \/>\n<\/fieldset>\n<div class=\"row\">\n\t<div class=\"small-12 large-6 columns\">\n\t\t<p><label> Tu nombre<\/label><span class=\"wpcf7-form-control-wrap\" data-name=\"nombre\"><input size=\"40\" maxlength=\"400\" class=\"wpcf7-form-control wpcf7-text wpcf7-validates-as-required full\" aria-required=\"true\" aria-invalid=\"false\" value=\"\" type=\"text\" name=\"nombre\" \/><\/span>\n\t\t<\/p>\n\t<\/div>\n\t<div class=\"small-12 large-6 columns\">\n\t\t<p><label>Tus apellidos<\/label><span class=\"wpcf7-form-control-wrap\" data-name=\"apellidos\"><input size=\"40\" maxlength=\"400\" class=\"wpcf7-form-control wpcf7-text wpcf7-validates-as-required full\" aria-required=\"true\" aria-invalid=\"false\" value=\"\" type=\"text\" name=\"apellidos\" \/><\/span>\n\t\t<\/p>\n\t<\/div>\n\t<div class=\"small-12 large-6 columns\">\n\t\t<p><label>Email<\/label><span class=\"wpcf7-form-control-wrap\" data-name=\"email\"><input size=\"40\" maxlength=\"400\" class=\"wpcf7-form-control wpcf7-email wpcf7-validates-as-required wpcf7-text wpcf7-validates-as-email full\" aria-required=\"true\" aria-invalid=\"false\" value=\"\" type=\"email\" name=\"email\" \/><\/span>\n\t\t<\/p>\n\t<\/div>\n\t<div class=\"small-12 large-6 columns\">\n\t\t<p><label>Tel\u00e9fono<\/label><span class=\"wpcf7-form-control-wrap\" data-name=\"telefono\"><input size=\"40\" maxlength=\"400\" class=\"wpcf7-form-control wpcf7-tel wpcf7-validates-as-required wpcf7-text wpcf7-validates-as-tel full\" aria-required=\"true\" aria-invalid=\"false\" value=\"\" type=\"tel\" name=\"telefono\" \/><\/span>\n\t\t<\/p>\n\t<\/div>\n<\/div>\n<div class=\"row\">\n\t<div class=\"small-12 large-6 columns\" style=\"padding-bottom:20px;\">\n\t\t<p><label> Te gustar\u00eda trabajar en <\/label><span class=\"wpcf7-form-control-wrap\" data-name=\"departamento\"><select class=\"wpcf7-form-control wpcf7-select wpcf7-validates-as-required\" aria-required=\"true\" aria-invalid=\"false\" name=\"departamento\"><option value=\"\">&#8212;Por favor, elige una opci\u00f3n&#8212;<\/option><option value=\"Administraci\u00f3n\">Administraci\u00f3n<\/option><option value=\"Comercial\">Comercial<\/option><option value=\"Departamento I+D\">Departamento I+D<\/option><option value=\"Dpto. T\u00e9cnico\">Dpto. T\u00e9cnico<\/option><option value=\"Calidad\">Calidad<\/option><option value=\"Montaje\">Montaje<\/option><option value=\"Almac\u00e9n\">Almac\u00e9n<\/option><option value=\"Revisiones - SAT\">Revisiones - SAT<\/option><\/select><\/span>\n\t\t<\/p>\n\t<\/div>\n\t<div class=\"small-12 large-6 columns\" style=\"padding-bottom:20px;\">\n\t\t<p><label> Adjunta tu CV <\/label><span class=\"wpcf7-form-control-wrap\" data-name=\"tu-cv\"><input size=\"40\" class=\"wpcf7-form-control wpcf7-file wpcf7-validates-as-required\" accept=\".pdf,.doc,.docx,.odt\" aria-required=\"true\" aria-invalid=\"false\" type=\"file\" name=\"tu-cv\" \/><\/span>\n\t\t<\/p>\n\t<\/div>\n\t<div class=\"small-12 columns\">\n\t\t<p><label> Asunto <\/label><span class=\"wpcf7-form-control-wrap\" data-name=\"your-subject\"><input size=\"40\" maxlength=\"400\" class=\"wpcf7-form-control wpcf7-text full\" aria-invalid=\"false\" value=\"\" type=\"text\" name=\"your-subject\" \/><\/span>\n\t\t<\/p>\n\t<\/div>\n\t<div class=\"small-12 columns\">\n\t\t<p><label> Tu mensaje <\/label><span class=\"wpcf7-form-control-wrap\" data-name=\"your-message\"><textarea cols=\"40\" rows=\"10\" maxlength=\"2000\" class=\"wpcf7-form-control wpcf7-textarea wpcf7-validates-as-required full\" aria-required=\"true\" aria-invalid=\"false\" name=\"your-message\"><\/textarea><\/span>\n\t\t<\/p>\n\t<\/div>\n<\/div>\n<div class=\"row\">\n\t<div class=\"small-12 columns\">\n\t\t<p style=\"font-size:11px; color:#757474;\">INFORMACI\u00d3N B\u00c1SICA DE PROTECCI\u00d3N DE DATOS: En cumplimiento del deber de informar a los interesados de las circunstancias y condiciones del tratamiento de sus datos y de los derechos que le asisten, ponemos a su disposici\u00f3n la siguiente informaci\u00f3n.<br \/>\nRESPONSABLE DE TRATAMIENTO: Sling Supply International, S.A.<br \/>\nFINALIDAD DEL TRATAMIENTO DE SUS DATOS: Incluir su candidatura en futuros procesos de selecci\u00f3n de la empresa.<br \/>\nCONSERVACI\u00d3N DE LOS DATOS: Los datos se conservar\u00e1n durante un plazo de 6 meses desde la recepci\u00f3n del curriculum. Agotado este plazo la empresa destruir\u00e1 el curriculum al menos que el candidato haya mandado una actualizaci\u00f3n del mismo.<br \/>\nLEGITIMACI\u00d3N PARA EL TRATAMIENTO: Consentimiento expl\u00edcito otorgado con la aceptaci\u00f3n de las condiciones de uso de nuestro formulario.<br \/>\nDESTINATARIOS DE SUS DATOS PERSONALES: No se prev\u00e9n cesiones de datos salvo en aquellos casos en que exista una obligaci\u00f3n legal. No hay previsi\u00f3n de transferencias de datos internacionales. En caso de que la empresa env\u00ede su curriculum a un tercero se solicitar\u00e1 formalmente su conformidad.<br \/>\nSUS DERECHOS: Puede revocar el consentimiento y ejercer sus Derechos a acceder, rectificar, oponerse, limitar, portar y suprimir los datos, escribiendo a Sling Supply International, S.A., en Astigarragako Bidea 2 - 4\u00aa planta derecha, 20.180 Oiartzun (Gipuzkoa) adem\u00e1s de acudir a la autoridad de control competente (AEPD).\n\t\t<\/p>\n\t<\/div>\n\t<div class=\"row\">\n\t\t<div class=\"small-12 columns\">\n\t\t\t<p><span class=\"wpcf7-form-control-wrap\" data-name=\"acceptance-994\"><span class=\"wpcf7-form-control wpcf7-acceptance\"><span class=\"wpcf7-list-item\"><label><input type=\"checkbox\" name=\"acceptance-994\" value=\"1\" aria-invalid=\"false\" \/><span class=\"wpcf7-list-item-label\">Acepto las <a href=\"http:\/\/www.slingsintt.com\/data-protection\/\">condiciones de uso del formulario de contacto<\/a><\/span><\/label><\/span><\/span><\/span>\n\t\t\t<\/p>\n\t\t<\/div>\n\t\t<div class=\"small-12 columns\">\n\t\t\t<p><span class=\"wpcf7-form-control-wrap\" data-name=\"acceptance-653\"><span class=\"wpcf7-form-control wpcf7-acceptance\"><span class=\"wpcf7-list-item\"><label><input type=\"checkbox\" name=\"acceptance-653\" value=\"1\" aria-invalid=\"false\" \/><span class=\"wpcf7-list-item-label\">Acepto que mis datos identificativos sean incluidos para finalidades comerciales de Sling Supply International, S.A.<\/span><\/label><\/span><\/span><\/span>\n\t\t\t<\/p>\n\t\t<\/div>\n\t<\/div>\n\t<div class=\"row\">\n\t\t<div class=\"small-12 columns\">\n\t\t\t<p><input class=\"wpcf7-form-control wpcf7-submit has-spinner btn\" type=\"submit\" value=\"Enviar\" \/>\n\t\t\t<\/p>\n\t\t<\/div>\n\t<\/div>\n<\/div><div class=\"wpcf7-response-output\" aria-hidden=\"true\"><\/div>\n<\/form>\n<\/div>\n[vc_empty_space height=\u00bb50px\u00bb][\/vc_column][vc_column width=\u00bb1\/12&#8243;][\/vc_column][\/vc_row][vc_row][vc_column][vc_separator][\/vc_column][\/vc_row]\n<\/div>","protected":false},"excerpt":{"rendered":"<p>[vc_row][vc_column width=\u00bb1\/12&#8243;][\/vc_column][vc_column width=\u00bb5\/6&#8243;][vc_empty_space height=\u00bb80px\u00bb][vc_column_text css=\u00bb.vc_custom_1587641935017{margin-bottom: 30px !important;border-bottom-width: 1px !important;padding-bottom: 25px !important;border-bottom-color: #0c006b !important;border-bottom-style: solid !important;}\u00bb] Trabaja con nosotros Formar parte de Slingsintt significa ser parte activa de la evoluci\u00f3n de la industria en busca de mejoras productivas y hacia la seguridad. El alcance de nuestras soluciones se centra en aportar dise\u00f1os y soluciones que cubran&hellip;<\/p>\n","protected":false},"author":4,"featured_media":2407,"parent":0,"menu_order":0,"comment_status":"closed","ping_status":"closed","template":"","meta":{"footnotes":""},"class_list":["post-4900","page","type-page","status-publish","has-post-thumbnail","hentry"],"yoast_head":"<!-- This site is optimized with the Yoast SEO plugin v27.5 - https:\/\/yoast.com\/product\/yoast-seo-wordpress\/ -->\n<title>TRABAJA CON NOSOTROS - EMPLEOS - slingsintt<\/title>\n<meta name=\"description\" content=\"In Slingsintt we are looking for new talents. Fill out the form and send us your professional CV to get to know you better.\" \/>\n<meta name=\"robots\" content=\"index, follow, max-snippet:-1, max-image-preview:large, max-video-preview:-1\" \/>\n<link rel=\"canonical\" href=\"https:\/\/www.slingsintt.com\/es\/trabaja-con-nosotros\/\" \/>\n<meta property=\"og:locale\" content=\"es_ES\" \/>\n<meta property=\"og:type\" content=\"article\" \/>\n<meta property=\"og:title\" content=\"TRABAJA CON NOSOTROS - EMPLEOS - slingsintt\" \/>\n<meta property=\"og:description\" content=\"In Slingsintt we are looking for new talents. Fill out the form and send us your professional CV to get to know you better.\" \/>\n<meta property=\"og:url\" content=\"https:\/\/www.slingsintt.com\/es\/trabaja-con-nosotros\/\" \/>\n<meta property=\"og:site_name\" content=\"slingsintt\" \/>\n<meta property=\"article:modified_time\" content=\"2025-07-16T09:48:58+00:00\" \/>\n<meta property=\"og:image\" content=\"https:\/\/www.slingsintt.com\/wp-content\/uploads\/2017\/03\/placeit_ampliado.jpg\" \/>\n\t<meta property=\"og:image:width\" content=\"600\" \/>\n\t<meta property=\"og:image:height\" content=\"450\" \/>\n\t<meta property=\"og:image:type\" content=\"image\/jpeg\" \/>\n<meta name=\"twitter:label1\" content=\"Tiempo de lectura\" \/>\n\t<meta name=\"twitter:data1\" content=\"2 minutos\" \/>\n<script type=\"application\/ld+json\" class=\"yoast-schema-graph\">{\"@context\":\"https:\\\/\\\/schema.org\",\"@graph\":[{\"@type\":\"WebPage\",\"@id\":\"https:\\\/\\\/www.slingsintt.com\\\/es\\\/trabaja-con-nosotros\\\/\",\"url\":\"https:\\\/\\\/www.slingsintt.com\\\/es\\\/trabaja-con-nosotros\\\/\",\"name\":\"TRABAJA CON NOSOTROS - EMPLEOS - slingsintt\",\"isPartOf\":{\"@id\":\"https:\\\/\\\/www.slingsintt.com\\\/es\\\/#website\"},\"primaryImageOfPage\":{\"@id\":\"https:\\\/\\\/www.slingsintt.com\\\/es\\\/trabaja-con-nosotros\\\/#primaryimage\"},\"image\":{\"@id\":\"https:\\\/\\\/www.slingsintt.com\\\/es\\\/trabaja-con-nosotros\\\/#primaryimage\"},\"thumbnailUrl\":\"https:\\\/\\\/www.slingsintt.com\\\/wp-content\\\/uploads\\\/2017\\\/03\\\/placeit_ampliado.jpg\",\"datePublished\":\"2020-04-23T11:41:28+00:00\",\"dateModified\":\"2025-07-16T09:48:58+00:00\",\"description\":\"In Slingsintt we are looking for new talents. Fill out the form and send us your professional CV to get to know you better.\",\"breadcrumb\":{\"@id\":\"https:\\\/\\\/www.slingsintt.com\\\/es\\\/trabaja-con-nosotros\\\/#breadcrumb\"},\"inLanguage\":\"es\",\"potentialAction\":[{\"@type\":\"ReadAction\",\"target\":[\"https:\\\/\\\/www.slingsintt.com\\\/es\\\/trabaja-con-nosotros\\\/\"]}]},{\"@type\":\"ImageObject\",\"inLanguage\":\"es\",\"@id\":\"https:\\\/\\\/www.slingsintt.com\\\/es\\\/trabaja-con-nosotros\\\/#primaryimage\",\"url\":\"https:\\\/\\\/www.slingsintt.com\\\/wp-content\\\/uploads\\\/2017\\\/03\\\/placeit_ampliado.jpg\",\"contentUrl\":\"https:\\\/\\\/www.slingsintt.com\\\/wp-content\\\/uploads\\\/2017\\\/03\\\/placeit_ampliado.jpg\",\"width\":600,\"height\":450,\"caption\":\"Slingsintt Engineering Department\"},{\"@type\":\"BreadcrumbList\",\"@id\":\"https:\\\/\\\/www.slingsintt.com\\\/es\\\/trabaja-con-nosotros\\\/#breadcrumb\",\"itemListElement\":[{\"@type\":\"ListItem\",\"position\":1,\"name\":\"Portada\",\"item\":\"https:\\\/\\\/www.slingsintt.com\\\/es\\\/\"},{\"@type\":\"ListItem\",\"position\":2,\"name\":\"TRABAJA CON NOSOTROS &#8211; EMPLEOS\"}]},{\"@type\":\"WebSite\",\"@id\":\"https:\\\/\\\/www.slingsintt.com\\\/es\\\/#website\",\"url\":\"https:\\\/\\\/www.slingsintt.com\\\/es\\\/\",\"name\":\"slingsintt\",\"description\":\"Especialistas en elevaci\u00f3n\",\"potentialAction\":[{\"@type\":\"SearchAction\",\"target\":{\"@type\":\"EntryPoint\",\"urlTemplate\":\"https:\\\/\\\/www.slingsintt.com\\\/es\\\/?s={search_term_string}\"},\"query-input\":{\"@type\":\"PropertyValueSpecification\",\"valueRequired\":true,\"valueName\":\"search_term_string\"}}],\"inLanguage\":\"es\"}]}<\/script>\n<!-- \/ Yoast SEO plugin. -->","yoast_head_json":{"title":"TRABAJA CON NOSOTROS - EMPLEOS - slingsintt","description":"In Slingsintt we are looking for new talents. Fill out the form and send us your professional CV to get to know you better.","robots":{"index":"index","follow":"follow","max-snippet":"max-snippet:-1","max-image-preview":"max-image-preview:large","max-video-preview":"max-video-preview:-1"},"canonical":"https:\/\/www.slingsintt.com\/es\/trabaja-con-nosotros\/","og_locale":"es_ES","og_type":"article","og_title":"TRABAJA CON NOSOTROS - EMPLEOS - slingsintt","og_description":"In Slingsintt we are looking for new talents. Fill out the form and send us your professional CV to get to know you better.","og_url":"https:\/\/www.slingsintt.com\/es\/trabaja-con-nosotros\/","og_site_name":"slingsintt","article_modified_time":"2025-07-16T09:48:58+00:00","og_image":[{"width":600,"height":450,"url":"https:\/\/www.slingsintt.com\/wp-content\/uploads\/2017\/03\/placeit_ampliado.jpg","type":"image\/jpeg"}],"twitter_misc":{"Tiempo de lectura":"2 minutos"},"schema":{"@context":"https:\/\/schema.org","@graph":[{"@type":"WebPage","@id":"https:\/\/www.slingsintt.com\/es\/trabaja-con-nosotros\/","url":"https:\/\/www.slingsintt.com\/es\/trabaja-con-nosotros\/","name":"TRABAJA CON NOSOTROS - EMPLEOS - slingsintt","isPartOf":{"@id":"https:\/\/www.slingsintt.com\/es\/#website"},"primaryImageOfPage":{"@id":"https:\/\/www.slingsintt.com\/es\/trabaja-con-nosotros\/#primaryimage"},"image":{"@id":"https:\/\/www.slingsintt.com\/es\/trabaja-con-nosotros\/#primaryimage"},"thumbnailUrl":"https:\/\/www.slingsintt.com\/wp-content\/uploads\/2017\/03\/placeit_ampliado.jpg","datePublished":"2020-04-23T11:41:28+00:00","dateModified":"2025-07-16T09:48:58+00:00","description":"In Slingsintt we are looking for new talents. Fill out the form and send us your professional CV to get to know you better.","breadcrumb":{"@id":"https:\/\/www.slingsintt.com\/es\/trabaja-con-nosotros\/#breadcrumb"},"inLanguage":"es","potentialAction":[{"@type":"ReadAction","target":["https:\/\/www.slingsintt.com\/es\/trabaja-con-nosotros\/"]}]},{"@type":"ImageObject","inLanguage":"es","@id":"https:\/\/www.slingsintt.com\/es\/trabaja-con-nosotros\/#primaryimage","url":"https:\/\/www.slingsintt.com\/wp-content\/uploads\/2017\/03\/placeit_ampliado.jpg","contentUrl":"https:\/\/www.slingsintt.com\/wp-content\/uploads\/2017\/03\/placeit_ampliado.jpg","width":600,"height":450,"caption":"Slingsintt Engineering Department"},{"@type":"BreadcrumbList","@id":"https:\/\/www.slingsintt.com\/es\/trabaja-con-nosotros\/#breadcrumb","itemListElement":[{"@type":"ListItem","position":1,"name":"Portada","item":"https:\/\/www.slingsintt.com\/es\/"},{"@type":"ListItem","position":2,"name":"TRABAJA CON NOSOTROS &#8211; EMPLEOS"}]},{"@type":"WebSite","@id":"https:\/\/www.slingsintt.com\/es\/#website","url":"https:\/\/www.slingsintt.com\/es\/","name":"slingsintt","description":"Especialistas en elevaci\u00f3n","potentialAction":[{"@type":"SearchAction","target":{"@type":"EntryPoint","urlTemplate":"https:\/\/www.slingsintt.com\/es\/?s={search_term_string}"},"query-input":{"@type":"PropertyValueSpecification","valueRequired":true,"valueName":"search_term_string"}}],"inLanguage":"es"}]}},"_links":{"self":[{"href":"https:\/\/www.slingsintt.com\/es\/wp-json\/wp\/v2\/pages\/4900","targetHints":{"allow":["GET"]}}],"collection":[{"href":"https:\/\/www.slingsintt.com\/es\/wp-json\/wp\/v2\/pages"}],"about":[{"href":"https:\/\/www.slingsintt.com\/es\/wp-json\/wp\/v2\/types\/page"}],"author":[{"embeddable":true,"href":"https:\/\/www.slingsintt.com\/es\/wp-json\/wp\/v2\/users\/4"}],"replies":[{"embeddable":true,"href":"https:\/\/www.slingsintt.com\/es\/wp-json\/wp\/v2\/comments?post=4900"}],"version-history":[{"count":5,"href":"https:\/\/www.slingsintt.com\/es\/wp-json\/wp\/v2\/pages\/4900\/revisions"}],"predecessor-version":[{"id":5304,"href":"https:\/\/www.slingsintt.com\/es\/wp-json\/wp\/v2\/pages\/4900\/revisions\/5304"}],"wp:featuredmedia":[{"embeddable":true,"href":"https:\/\/www.slingsintt.com\/es\/wp-json\/wp\/v2\/media\/2407"}],"wp:attachment":[{"href":"https:\/\/www.slingsintt.com\/es\/wp-json\/wp\/v2\/media?parent=4900"}],"curies":[{"name":"wp","href":"https:\/\/api.w.org\/{rel}","templated":true}]}}