{"id":4908,"date":"2020-04-23T11:35:27","date_gmt":"2020-04-23T11:35:27","guid":{"rendered":"https:\/\/www.slingsintt.com\/?page_id=4908"},"modified":"2020-04-23T11:43:18","modified_gmt":"2020-04-23T11:43:18","slug":"trabaja-con-nosotros-ingeniero-de-investigacion-y-desarrollo","status":"publish","type":"page","link":"https:\/\/www.slingsintt.com\/es\/trabaja-con-nosotros-ingeniero-de-investigacion-y-desarrollo\/","title":{"rendered":"TRABAJA CON NOSOTROS &#8211; Ingeniero de investigaci\u00f3n y desarrollo"},"content":{"rendered":"<div class=\"wpb-content-wrapper\">[vc_row][vc_column width=\u00bb1\/6&#8243;][\/vc_column][vc_column width=\u00bb2\/3&#8243;][vc_empty_space height=\u00bb80px\u00bb][vc_column_text css=\u00bb.vc_custom_1587641398252{margin-bottom: 30px !important;border-bottom-width: 1px !important;padding-bottom: 25px !important;border-bottom-color: #0c006b !important;border-bottom-style: solid !important;}\u00bb]\n<h2>Ingeniero de investigaci\u00f3n y desarrollo<\/h2>\n<p>En dependencia del director de I+D llevar\u00e1s a cabo los desarrollos t\u00e9cnicos para el dise\u00f1o de equipamiento especial de elevaci\u00f3n. Ser\u00e1s responsable de definir y ejecutar pruebas de concepto, dise\u00f1ando y ejecutando ensayos o fabricando modelos a escala con los que validar los conceptos m\u00e1s relevantes de cada proyecto.<\/p>\n<p>Buscamos un perfil muy t\u00e9cnico, con grandes conocimientos sobre c\u00e1lculo estructural y de mecanismos. Una persona propositiva, proactiva y con capacidad de liderazgo.[\/vc_column_text][vc_column_text css=\u00bb.vc_custom_1587641469918{margin-bottom: 30px !important;border-bottom-width: 1px !important;padding-bottom: 25px !important;border-bottom-color: #0c006b !important;border-bottom-style: solid !important;}\u00bb]\n<h4>LAS FUNCIONES M\u00c1S REPRESENTATIVAS DEL PUESTO SER\u00c1N:<\/h4>\n<ul>\n<li>An\u00e1lisis del estado del arte de la t\u00e9cnica<\/li>\n<li>Propuesta de proyectos de I+D<\/li>\n<li>Propuesta de soluciones t\u00e9cnicas<\/li>\n<li>Desarrollo t\u00e9cnico de proyectos<\/li>\n<li>Desarrollo de pruebas de concepto (ensayos y modelado a escala)<\/li>\n<li>Comunicaci\u00f3n bidireccional con clientes y proveedores para la puesta en marcha y planificaci\u00f3n de diferentes fases del desarrollo<\/li>\n<li>Redacci\u00f3n de la documentaci\u00f3n referida a los avances y desarrollos realizados.<\/li>\n<\/ul>\n<p>Se ofrece la incorporaci\u00f3n a un equipo t\u00e9cnico solvente con amplia experiencia en el sector de la energ\u00eda e\u00f3lica en una empresa con 40 a\u00f1os de experiencia y granes expectativas de crecimiento.[\/vc_column_text][vc_column_text css=\u00bb.vc_custom_1587641540812{margin-bottom: 30px !important;border-bottom-width: 1px !important;padding-bottom: 25px !important;border-bottom-color: #0c006b !important;border-bottom-style: solid !important;}\u00bb]\n<h4>FORMACI\u00d3N DE PARTIDA:<\/h4>\n<ul>\n<li>Formaci\u00f3n de tipo t\u00e9cnico, ingeniero industrial o superior.<\/li>\n<li>Nivel alto de ingl\u00e9s<\/li>\n<li>Altos conocimientos de SolidWorks, CRM y CAD.<\/li>\n<li>Altos conocimientos t\u00e9cnicos (te\u00f3ricos y comprensi\u00f3n del comportamiento mec\u00e1nico de estructuras y mecanismos)<\/li>\n<\/ul>\n[\/vc_column_text][vc_column_text css=\u00bb.vc_custom_1587641571999{margin-bottom: 30px !important;border-bottom-width: 1px !important;padding-bottom: 25px !important;border-bottom-color: #0c006b !important;border-bottom-style: solid !important;}\u00bb]\n<h4>CONOCIMIENTOS Y EXPERIENCIA:<\/h4>\n<ul>\n<li>Experiencia en elevaci\u00f3n y\/o energ\u00eda e\u00f3lica<\/li>\n<li>Conocimientos b\u00e1sicos en electr\u00f3nica y electricidad<\/li>\n<\/ul>\n[\/vc_column_text][vc_column_text css=\u00bb.vc_custom_1587641592957{margin-bottom: 30px !important;padding-bottom: 25px !important;}\u00bb]\n<h4>CARACTER\u00cdSTICAS Y COMPETENCIAS PERSONALES:<\/h4>\n<ul>\n<li>Persona organizada sistem\u00e1tica y detallista.<\/li>\n<li>Es necesario alto grado de proactividad.<\/li>\n<li>Creatividad en la propuesta de soluciones t\u00e9cnicas.<\/li>\n<li>Capaz de trabajar bajo presi\u00f3n<\/li>\n<\/ul>\n[\/vc_column_text]\t<a class=\"btn  style5 animation right-to-left \" href=\"https:\/\/www.slingsintt.com\/es\/en-slingsintt-estamos-buscando-nuevos-talentos\/\" target=\"_self\" role=\"button\" title=\"SOLICITAR PUESTO\"><span>SOLICITAR PUESTO<\/span><\/a>\r\n\r\n\t[vc_empty_space height=\u00bb100px\u00bb][\/vc_column][vc_column width=\u00bb1\/6&#8243;][\/vc_column][\/vc_row][vc_row][vc_column][vc_separator][\/vc_column][\/vc_row]\n<\/div>","protected":false},"excerpt":{"rendered":"<p>[vc_row][vc_column width=\u00bb1\/6&#8243;][\/vc_column][vc_column width=\u00bb2\/3&#8243;][vc_empty_space height=\u00bb80px\u00bb][vc_column_text css=\u00bb.vc_custom_1587641398252{margin-bottom: 30px !important;border-bottom-width: 1px !important;padding-bottom: 25px !important;border-bottom-color: #0c006b !important;border-bottom-style: solid !important;}\u00bb] Ingeniero de investigaci\u00f3n y desarrollo En dependencia del director de I+D llevar\u00e1s a cabo los desarrollos t\u00e9cnicos para el dise\u00f1o de equipamiento especial de elevaci\u00f3n. Ser\u00e1s responsable de definir y ejecutar pruebas de concepto, dise\u00f1ando y ejecutando ensayos o fabricando&hellip;<\/p>\n","protected":false},"author":4,"featured_media":2407,"parent":0,"menu_order":0,"comment_status":"closed","ping_status":"closed","template":"","meta":{"footnotes":""},"class_list":["post-4908","page","type-page","status-publish","has-post-thumbnail","hentry"],"yoast_head":"<!-- This site is optimized with the Yoast SEO plugin v27.4 - https:\/\/yoast.com\/product\/yoast-seo-wordpress\/ -->\n<title>TRABAJA CON NOSOTROS - Ingeniero de investigaci\u00f3n y desarrollo - slingsintt<\/title>\n<meta name=\"description\" content=\"In Slingsintt we are looking for new talents. Fill out the form and send us your professional CV to get to know you better.\" \/>\n<meta name=\"robots\" content=\"index, follow, max-snippet:-1, max-image-preview:large, max-video-preview:-1\" \/>\n<link rel=\"canonical\" href=\"https:\/\/www.slingsintt.com\/es\/trabaja-con-nosotros-ingeniero-de-investigacion-y-desarrollo\/\" \/>\n<meta property=\"og:locale\" content=\"es_ES\" \/>\n<meta property=\"og:type\" content=\"article\" \/>\n<meta property=\"og:title\" content=\"TRABAJA CON NOSOTROS - Ingeniero de investigaci\u00f3n y desarrollo - slingsintt\" \/>\n<meta property=\"og:description\" content=\"In Slingsintt we are looking for new talents. Fill out the form and send us your professional CV to get to know you better.\" \/>\n<meta property=\"og:url\" content=\"https:\/\/www.slingsintt.com\/es\/trabaja-con-nosotros-ingeniero-de-investigacion-y-desarrollo\/\" \/>\n<meta property=\"og:site_name\" content=\"slingsintt\" \/>\n<meta property=\"article:modified_time\" content=\"2020-04-23T11:43:18+00:00\" \/>\n<meta property=\"og:image\" content=\"https:\/\/www.slingsintt.com\/wp-content\/uploads\/2017\/03\/placeit_ampliado.jpg\" \/>\n\t<meta property=\"og:image:width\" content=\"600\" \/>\n\t<meta property=\"og:image:height\" content=\"450\" \/>\n\t<meta property=\"og:image:type\" content=\"image\/jpeg\" \/>\n<meta name=\"twitter:label1\" content=\"Tiempo de lectura\" \/>\n\t<meta name=\"twitter:data1\" content=\"2 minutos\" \/>\n<script type=\"application\/ld+json\" class=\"yoast-schema-graph\">{\"@context\":\"https:\\\/\\\/schema.org\",\"@graph\":[{\"@type\":\"WebPage\",\"@id\":\"https:\\\/\\\/www.slingsintt.com\\\/es\\\/trabaja-con-nosotros-ingeniero-de-investigacion-y-desarrollo\\\/\",\"url\":\"https:\\\/\\\/www.slingsintt.com\\\/es\\\/trabaja-con-nosotros-ingeniero-de-investigacion-y-desarrollo\\\/\",\"name\":\"TRABAJA CON NOSOTROS - Ingeniero de investigaci\u00f3n y desarrollo - slingsintt\",\"isPartOf\":{\"@id\":\"https:\\\/\\\/www.slingsintt.com\\\/es\\\/#website\"},\"primaryImageOfPage\":{\"@id\":\"https:\\\/\\\/www.slingsintt.com\\\/es\\\/trabaja-con-nosotros-ingeniero-de-investigacion-y-desarrollo\\\/#primaryimage\"},\"image\":{\"@id\":\"https:\\\/\\\/www.slingsintt.com\\\/es\\\/trabaja-con-nosotros-ingeniero-de-investigacion-y-desarrollo\\\/#primaryimage\"},\"thumbnailUrl\":\"https:\\\/\\\/www.slingsintt.com\\\/wp-content\\\/uploads\\\/2017\\\/03\\\/placeit_ampliado.jpg\",\"datePublished\":\"2020-04-23T11:35:27+00:00\",\"dateModified\":\"2020-04-23T11:43:18+00:00\",\"description\":\"In Slingsintt we are looking for new talents. Fill out the form and send us your professional CV to get to know you better.\",\"breadcrumb\":{\"@id\":\"https:\\\/\\\/www.slingsintt.com\\\/es\\\/trabaja-con-nosotros-ingeniero-de-investigacion-y-desarrollo\\\/#breadcrumb\"},\"inLanguage\":\"es\",\"potentialAction\":[{\"@type\":\"ReadAction\",\"target\":[\"https:\\\/\\\/www.slingsintt.com\\\/es\\\/trabaja-con-nosotros-ingeniero-de-investigacion-y-desarrollo\\\/\"]}]},{\"@type\":\"ImageObject\",\"inLanguage\":\"es\",\"@id\":\"https:\\\/\\\/www.slingsintt.com\\\/es\\\/trabaja-con-nosotros-ingeniero-de-investigacion-y-desarrollo\\\/#primaryimage\",\"url\":\"https:\\\/\\\/www.slingsintt.com\\\/wp-content\\\/uploads\\\/2017\\\/03\\\/placeit_ampliado.jpg\",\"contentUrl\":\"https:\\\/\\\/www.slingsintt.com\\\/wp-content\\\/uploads\\\/2017\\\/03\\\/placeit_ampliado.jpg\",\"width\":600,\"height\":450,\"caption\":\"Slingsintt Engineering Department\"},{\"@type\":\"BreadcrumbList\",\"@id\":\"https:\\\/\\\/www.slingsintt.com\\\/es\\\/trabaja-con-nosotros-ingeniero-de-investigacion-y-desarrollo\\\/#breadcrumb\",\"itemListElement\":[{\"@type\":\"ListItem\",\"position\":1,\"name\":\"Portada\",\"item\":\"https:\\\/\\\/www.slingsintt.com\\\/es\\\/\"},{\"@type\":\"ListItem\",\"position\":2,\"name\":\"TRABAJA CON NOSOTROS &#8211; Ingeniero de investigaci\u00f3n y desarrollo\"}]},{\"@type\":\"WebSite\",\"@id\":\"https:\\\/\\\/www.slingsintt.com\\\/es\\\/#website\",\"url\":\"https:\\\/\\\/www.slingsintt.com\\\/es\\\/\",\"name\":\"slingsintt\",\"description\":\"Especialistas en elevaci\u00f3n\",\"potentialAction\":[{\"@type\":\"SearchAction\",\"target\":{\"@type\":\"EntryPoint\",\"urlTemplate\":\"https:\\\/\\\/www.slingsintt.com\\\/es\\\/?s={search_term_string}\"},\"query-input\":{\"@type\":\"PropertyValueSpecification\",\"valueRequired\":true,\"valueName\":\"search_term_string\"}}],\"inLanguage\":\"es\"}]}<\/script>\n<!-- \/ Yoast SEO plugin. -->","yoast_head_json":{"title":"TRABAJA CON NOSOTROS - Ingeniero de investigaci\u00f3n y desarrollo - slingsintt","description":"In Slingsintt we are looking for new talents. Fill out the form and send us your professional CV to get to know you better.","robots":{"index":"index","follow":"follow","max-snippet":"max-snippet:-1","max-image-preview":"max-image-preview:large","max-video-preview":"max-video-preview:-1"},"canonical":"https:\/\/www.slingsintt.com\/es\/trabaja-con-nosotros-ingeniero-de-investigacion-y-desarrollo\/","og_locale":"es_ES","og_type":"article","og_title":"TRABAJA CON NOSOTROS - Ingeniero de investigaci\u00f3n y desarrollo - slingsintt","og_description":"In Slingsintt we are looking for new talents. Fill out the form and send us your professional CV to get to know you better.","og_url":"https:\/\/www.slingsintt.com\/es\/trabaja-con-nosotros-ingeniero-de-investigacion-y-desarrollo\/","og_site_name":"slingsintt","article_modified_time":"2020-04-23T11:43:18+00:00","og_image":[{"width":600,"height":450,"url":"https:\/\/www.slingsintt.com\/wp-content\/uploads\/2017\/03\/placeit_ampliado.jpg","type":"image\/jpeg"}],"twitter_misc":{"Tiempo de lectura":"2 minutos"},"schema":{"@context":"https:\/\/schema.org","@graph":[{"@type":"WebPage","@id":"https:\/\/www.slingsintt.com\/es\/trabaja-con-nosotros-ingeniero-de-investigacion-y-desarrollo\/","url":"https:\/\/www.slingsintt.com\/es\/trabaja-con-nosotros-ingeniero-de-investigacion-y-desarrollo\/","name":"TRABAJA CON NOSOTROS - Ingeniero de investigaci\u00f3n y desarrollo - slingsintt","isPartOf":{"@id":"https:\/\/www.slingsintt.com\/es\/#website"},"primaryImageOfPage":{"@id":"https:\/\/www.slingsintt.com\/es\/trabaja-con-nosotros-ingeniero-de-investigacion-y-desarrollo\/#primaryimage"},"image":{"@id":"https:\/\/www.slingsintt.com\/es\/trabaja-con-nosotros-ingeniero-de-investigacion-y-desarrollo\/#primaryimage"},"thumbnailUrl":"https:\/\/www.slingsintt.com\/wp-content\/uploads\/2017\/03\/placeit_ampliado.jpg","datePublished":"2020-04-23T11:35:27+00:00","dateModified":"2020-04-23T11:43:18+00:00","description":"In Slingsintt we are looking for new talents. Fill out the form and send us your professional CV to get to know you better.","breadcrumb":{"@id":"https:\/\/www.slingsintt.com\/es\/trabaja-con-nosotros-ingeniero-de-investigacion-y-desarrollo\/#breadcrumb"},"inLanguage":"es","potentialAction":[{"@type":"ReadAction","target":["https:\/\/www.slingsintt.com\/es\/trabaja-con-nosotros-ingeniero-de-investigacion-y-desarrollo\/"]}]},{"@type":"ImageObject","inLanguage":"es","@id":"https:\/\/www.slingsintt.com\/es\/trabaja-con-nosotros-ingeniero-de-investigacion-y-desarrollo\/#primaryimage","url":"https:\/\/www.slingsintt.com\/wp-content\/uploads\/2017\/03\/placeit_ampliado.jpg","contentUrl":"https:\/\/www.slingsintt.com\/wp-content\/uploads\/2017\/03\/placeit_ampliado.jpg","width":600,"height":450,"caption":"Slingsintt Engineering Department"},{"@type":"BreadcrumbList","@id":"https:\/\/www.slingsintt.com\/es\/trabaja-con-nosotros-ingeniero-de-investigacion-y-desarrollo\/#breadcrumb","itemListElement":[{"@type":"ListItem","position":1,"name":"Portada","item":"https:\/\/www.slingsintt.com\/es\/"},{"@type":"ListItem","position":2,"name":"TRABAJA CON NOSOTROS &#8211; Ingeniero de investigaci\u00f3n y desarrollo"}]},{"@type":"WebSite","@id":"https:\/\/www.slingsintt.com\/es\/#website","url":"https:\/\/www.slingsintt.com\/es\/","name":"slingsintt","description":"Especialistas en elevaci\u00f3n","potentialAction":[{"@type":"SearchAction","target":{"@type":"EntryPoint","urlTemplate":"https:\/\/www.slingsintt.com\/es\/?s={search_term_string}"},"query-input":{"@type":"PropertyValueSpecification","valueRequired":true,"valueName":"search_term_string"}}],"inLanguage":"es"}]}},"_links":{"self":[{"href":"https:\/\/www.slingsintt.com\/es\/wp-json\/wp\/v2\/pages\/4908","targetHints":{"allow":["GET"]}}],"collection":[{"href":"https:\/\/www.slingsintt.com\/es\/wp-json\/wp\/v2\/pages"}],"about":[{"href":"https:\/\/www.slingsintt.com\/es\/wp-json\/wp\/v2\/types\/page"}],"author":[{"embeddable":true,"href":"https:\/\/www.slingsintt.com\/es\/wp-json\/wp\/v2\/users\/4"}],"replies":[{"embeddable":true,"href":"https:\/\/www.slingsintt.com\/es\/wp-json\/wp\/v2\/comments?post=4908"}],"version-history":[{"count":4,"href":"https:\/\/www.slingsintt.com\/es\/wp-json\/wp\/v2\/pages\/4908\/revisions"}],"predecessor-version":[{"id":4933,"href":"https:\/\/www.slingsintt.com\/es\/wp-json\/wp\/v2\/pages\/4908\/revisions\/4933"}],"wp:featuredmedia":[{"embeddable":true,"href":"https:\/\/www.slingsintt.com\/es\/wp-json\/wp\/v2\/media\/2407"}],"wp:attachment":[{"href":"https:\/\/www.slingsintt.com\/es\/wp-json\/wp\/v2\/media?parent=4908"}],"curies":[{"name":"wp","href":"https:\/\/api.w.org\/{rel}","templated":true}]}}