{"id":5273,"date":"2025-06-26T10:06:33","date_gmt":"2025-06-26T10:06:33","guid":{"rendered":"https:\/\/www.slingsintt.com\/producto\/viga-de-elevacion-multiusos\/"},"modified":"2025-06-26T10:06:33","modified_gmt":"2025-06-26T10:06:33","slug":"viga-de-elevacion-multiusos","status":"publish","type":"product","link":"https:\/\/www.slingsintt.com\/es\/producto\/viga-de-elevacion-multiusos\/","title":{"rendered":"Viga de elevaci\u00f3n multiusos"},"content":{"rendered":"","protected":false},"excerpt":{"rendered":"<p>Configuraciones de m\u00faltiples longitudes, variaci\u00f3n de puntos de elevaci\u00f3n laterales y configuraci\u00f3n de dise\u00f1o de larga duraci\u00f3n.<\/p>\n<ul>\n<li>CONFIGURACIONES DE 2 PUNTOS DE ELEVACI\u00d3N LATERALES<\/li>\n<li>VARIABILIDAD DE LONGITUD SEG\u00daN LAS NECESIDADES<\/li>\n<li>\u00c1NGULO DE TRABAJO<\/li>\n<\/ul>\n<p>[vc_row][vc_column][vc_btn title=\u00bbDescargar PDF\u00bb style=\u00bbcustom\u00bb custom_background=\u00bb#32296a\u00bb custom_text=\u00bb#ffffff\u00bb size=\u00bblg\u00bb align=\u00bbleft\u00bb link=\u00bburl:https%3A%2F%2Fwww.slingsintt.com%2Fwp-content%2Fuploads%2F2025%2F06%2FHR_13896_flyer_modular_spreader_beam_slingsintt.pdf|title:Download|target:_blank\u00bb][\/vc_column][\/vc_row]<\/p>\n","protected":false},"featured_media":5271,"template":"","meta":[],"product_brand":[],"product_cat":[186],"product_tag":[190],"class_list":{"0":"post-5273","1":"product","2":"type-product","3":"status-publish","4":"has-post-thumbnail","6":"product_cat-industria-general","7":"product_tag-productos-personalizados","9":"first","10":"instock","11":"downloadable","12":"shipping-taxable","13":"product-type-simple"},"yoast_head":"<!-- This site is optimized with the Yoast SEO plugin v27.5 - https:\/\/yoast.com\/product\/yoast-seo-wordpress\/ -->\n<title>Viga de elevaci\u00f3n multiusos - slingsintt<\/title>\n<meta name=\"description\" content=\"Modular Spreader Beam Slingsintt. Multiple lenght configurations, lateral lifting points variation &amp; long life design configuration.\" \/>\n<meta name=\"robots\" content=\"index, follow, max-snippet:-1, max-image-preview:large, max-video-preview:-1\" \/>\n<link rel=\"canonical\" href=\"https:\/\/www.slingsintt.com\/es\/producto\/viga-de-elevacion-multiusos\/\" \/>\n<meta property=\"og:locale\" content=\"es_ES\" \/>\n<meta property=\"og:type\" content=\"article\" \/>\n<meta property=\"og:title\" content=\"Viga de elevaci\u00f3n multiusos - slingsintt\" \/>\n<meta property=\"og:description\" content=\"Modular Spreader Beam Slingsintt. Multiple lenght configurations, lateral lifting points variation &amp; long life design configuration.\" \/>\n<meta property=\"og:url\" content=\"https:\/\/www.slingsintt.com\/es\/producto\/viga-de-elevacion-multiusos\/\" \/>\n<meta property=\"og:site_name\" content=\"slingsintt\" \/>\n<meta property=\"og:image\" content=\"https:\/\/www.slingsintt.com\/wp-content\/uploads\/2025\/06\/MODULAR-SPREADER-BEAM-WITH-SLINGS-NO-LINES.jpg\" \/>\n\t<meta property=\"og:image:width\" content=\"1792\" \/>\n\t<meta property=\"og:image:height\" content=\"1139\" \/>\n\t<meta property=\"og:image:type\" content=\"image\/jpeg\" \/>\n<script type=\"application\/ld+json\" class=\"yoast-schema-graph\">{\"@context\":\"https:\\\/\\\/schema.org\",\"@graph\":[{\"@type\":\"WebPage\",\"@id\":\"https:\\\/\\\/www.slingsintt.com\\\/es\\\/producto\\\/viga-de-elevacion-multiusos\\\/\",\"url\":\"https:\\\/\\\/www.slingsintt.com\\\/es\\\/producto\\\/viga-de-elevacion-multiusos\\\/\",\"name\":\"Viga de elevaci\u00f3n multiusos - slingsintt\",\"isPartOf\":{\"@id\":\"https:\\\/\\\/www.slingsintt.com\\\/es\\\/#website\"},\"primaryImageOfPage\":{\"@id\":\"https:\\\/\\\/www.slingsintt.com\\\/es\\\/producto\\\/viga-de-elevacion-multiusos\\\/#primaryimage\"},\"image\":{\"@id\":\"https:\\\/\\\/www.slingsintt.com\\\/es\\\/producto\\\/viga-de-elevacion-multiusos\\\/#primaryimage\"},\"thumbnailUrl\":\"https:\\\/\\\/www.slingsintt.com\\\/wp-content\\\/uploads\\\/2025\\\/06\\\/MODULAR-SPREADER-BEAM-WITH-SLINGS-NO-LINES.jpg\",\"datePublished\":\"2025-06-26T10:06:33+00:00\",\"description\":\"Modular Spreader Beam Slingsintt. Multiple lenght configurations, lateral lifting points variation & long life design configuration.\",\"breadcrumb\":{\"@id\":\"https:\\\/\\\/www.slingsintt.com\\\/es\\\/producto\\\/viga-de-elevacion-multiusos\\\/#breadcrumb\"},\"inLanguage\":\"es\",\"potentialAction\":[{\"@type\":\"ReadAction\",\"target\":[\"https:\\\/\\\/www.slingsintt.com\\\/es\\\/producto\\\/viga-de-elevacion-multiusos\\\/\"]}]},{\"@type\":\"ImageObject\",\"inLanguage\":\"es\",\"@id\":\"https:\\\/\\\/www.slingsintt.com\\\/es\\\/producto\\\/viga-de-elevacion-multiusos\\\/#primaryimage\",\"url\":\"https:\\\/\\\/www.slingsintt.com\\\/wp-content\\\/uploads\\\/2025\\\/06\\\/MODULAR-SPREADER-BEAM-WITH-SLINGS-NO-LINES.jpg\",\"contentUrl\":\"https:\\\/\\\/www.slingsintt.com\\\/wp-content\\\/uploads\\\/2025\\\/06\\\/MODULAR-SPREADER-BEAM-WITH-SLINGS-NO-LINES.jpg\",\"width\":1792,\"height\":1139,\"caption\":\"MODULAR-SPREADER-BEAM-WITH-SLINGS-NO-LINES\"},{\"@type\":\"BreadcrumbList\",\"@id\":\"https:\\\/\\\/www.slingsintt.com\\\/es\\\/producto\\\/viga-de-elevacion-multiusos\\\/#breadcrumb\",\"itemListElement\":[{\"@type\":\"ListItem\",\"position\":1,\"name\":\"Portada\",\"item\":\"https:\\\/\\\/www.slingsintt.com\\\/es\\\/\"},{\"@type\":\"ListItem\",\"position\":2,\"name\":\"Productos y cat\u00e1logos\",\"item\":\"https:\\\/\\\/www.slingsintt.com\\\/es\\\/productos-y-catalogos\\\/\"},{\"@type\":\"ListItem\",\"position\":3,\"name\":\"Viga de elevaci\u00f3n multiusos\"}]},{\"@type\":\"WebSite\",\"@id\":\"https:\\\/\\\/www.slingsintt.com\\\/es\\\/#website\",\"url\":\"https:\\\/\\\/www.slingsintt.com\\\/es\\\/\",\"name\":\"slingsintt\",\"description\":\"Especialistas en elevaci\u00f3n\",\"potentialAction\":[{\"@type\":\"SearchAction\",\"target\":{\"@type\":\"EntryPoint\",\"urlTemplate\":\"https:\\\/\\\/www.slingsintt.com\\\/es\\\/?s={search_term_string}\"},\"query-input\":{\"@type\":\"PropertyValueSpecification\",\"valueRequired\":true,\"valueName\":\"search_term_string\"}}],\"inLanguage\":\"es\"}]}<\/script>\n<!-- \/ Yoast SEO plugin. -->","yoast_head_json":{"title":"Viga de elevaci\u00f3n multiusos - slingsintt","description":"Modular Spreader Beam Slingsintt. Multiple lenght configurations, lateral lifting points variation & long life design configuration.","robots":{"index":"index","follow":"follow","max-snippet":"max-snippet:-1","max-image-preview":"max-image-preview:large","max-video-preview":"max-video-preview:-1"},"canonical":"https:\/\/www.slingsintt.com\/es\/producto\/viga-de-elevacion-multiusos\/","og_locale":"es_ES","og_type":"article","og_title":"Viga de elevaci\u00f3n multiusos - slingsintt","og_description":"Modular Spreader Beam Slingsintt. Multiple lenght configurations, lateral lifting points variation & long life design configuration.","og_url":"https:\/\/www.slingsintt.com\/es\/producto\/viga-de-elevacion-multiusos\/","og_site_name":"slingsintt","og_image":[{"width":1792,"height":1139,"url":"https:\/\/www.slingsintt.com\/wp-content\/uploads\/2025\/06\/MODULAR-SPREADER-BEAM-WITH-SLINGS-NO-LINES.jpg","type":"image\/jpeg"}],"schema":{"@context":"https:\/\/schema.org","@graph":[{"@type":"WebPage","@id":"https:\/\/www.slingsintt.com\/es\/producto\/viga-de-elevacion-multiusos\/","url":"https:\/\/www.slingsintt.com\/es\/producto\/viga-de-elevacion-multiusos\/","name":"Viga de elevaci\u00f3n multiusos - slingsintt","isPartOf":{"@id":"https:\/\/www.slingsintt.com\/es\/#website"},"primaryImageOfPage":{"@id":"https:\/\/www.slingsintt.com\/es\/producto\/viga-de-elevacion-multiusos\/#primaryimage"},"image":{"@id":"https:\/\/www.slingsintt.com\/es\/producto\/viga-de-elevacion-multiusos\/#primaryimage"},"thumbnailUrl":"https:\/\/www.slingsintt.com\/wp-content\/uploads\/2025\/06\/MODULAR-SPREADER-BEAM-WITH-SLINGS-NO-LINES.jpg","datePublished":"2025-06-26T10:06:33+00:00","description":"Modular Spreader Beam Slingsintt. Multiple lenght configurations, lateral lifting points variation & long life design configuration.","breadcrumb":{"@id":"https:\/\/www.slingsintt.com\/es\/producto\/viga-de-elevacion-multiusos\/#breadcrumb"},"inLanguage":"es","potentialAction":[{"@type":"ReadAction","target":["https:\/\/www.slingsintt.com\/es\/producto\/viga-de-elevacion-multiusos\/"]}]},{"@type":"ImageObject","inLanguage":"es","@id":"https:\/\/www.slingsintt.com\/es\/producto\/viga-de-elevacion-multiusos\/#primaryimage","url":"https:\/\/www.slingsintt.com\/wp-content\/uploads\/2025\/06\/MODULAR-SPREADER-BEAM-WITH-SLINGS-NO-LINES.jpg","contentUrl":"https:\/\/www.slingsintt.com\/wp-content\/uploads\/2025\/06\/MODULAR-SPREADER-BEAM-WITH-SLINGS-NO-LINES.jpg","width":1792,"height":1139,"caption":"MODULAR-SPREADER-BEAM-WITH-SLINGS-NO-LINES"},{"@type":"BreadcrumbList","@id":"https:\/\/www.slingsintt.com\/es\/producto\/viga-de-elevacion-multiusos\/#breadcrumb","itemListElement":[{"@type":"ListItem","position":1,"name":"Portada","item":"https:\/\/www.slingsintt.com\/es\/"},{"@type":"ListItem","position":2,"name":"Productos y cat\u00e1logos","item":"https:\/\/www.slingsintt.com\/es\/productos-y-catalogos\/"},{"@type":"ListItem","position":3,"name":"Viga de elevaci\u00f3n multiusos"}]},{"@type":"WebSite","@id":"https:\/\/www.slingsintt.com\/es\/#website","url":"https:\/\/www.slingsintt.com\/es\/","name":"slingsintt","description":"Especialistas en elevaci\u00f3n","potentialAction":[{"@type":"SearchAction","target":{"@type":"EntryPoint","urlTemplate":"https:\/\/www.slingsintt.com\/es\/?s={search_term_string}"},"query-input":{"@type":"PropertyValueSpecification","valueRequired":true,"valueName":"search_term_string"}}],"inLanguage":"es"}]}},"_links":{"self":[{"href":"https:\/\/www.slingsintt.com\/es\/wp-json\/wp\/v2\/product\/5273","targetHints":{"allow":["GET"]}}],"collection":[{"href":"https:\/\/www.slingsintt.com\/es\/wp-json\/wp\/v2\/product"}],"about":[{"href":"https:\/\/www.slingsintt.com\/es\/wp-json\/wp\/v2\/types\/product"}],"wp:featuredmedia":[{"embeddable":true,"href":"https:\/\/www.slingsintt.com\/es\/wp-json\/wp\/v2\/media\/5271"}],"wp:attachment":[{"href":"https:\/\/www.slingsintt.com\/es\/wp-json\/wp\/v2\/media?parent=5273"}],"wp:term":[{"taxonomy":"product_brand","embeddable":true,"href":"https:\/\/www.slingsintt.com\/es\/wp-json\/wp\/v2\/product_brand?post=5273"},{"taxonomy":"product_cat","embeddable":true,"href":"https:\/\/www.slingsintt.com\/es\/wp-json\/wp\/v2\/product_cat?post=5273"},{"taxonomy":"product_tag","embeddable":true,"href":"https:\/\/www.slingsintt.com\/es\/wp-json\/wp\/v2\/product_tag?post=5273"}],"curies":[{"name":"wp","href":"https:\/\/api.w.org\/{rel}","templated":true}]}}